{"id":4304,"date":"2025-11-19T15:30:05","date_gmt":"2025-11-19T15:30:05","guid":{"rendered":"https:\/\/stroleecarts.eu\/contactenos\/"},"modified":"2026-04-02T00:21:13","modified_gmt":"2026-04-02T00:21:13","slug":"contactenos","status":"publish","type":"page","link":"https:\/\/stroleecarts.eu\/es\/contactenos\/","title":{"rendered":"Cont\u00e1ctenos"},"content":{"rendered":"\t\t<div data-elementor-type=\"wp-page\" data-elementor-id=\"4304\" class=\"elementor elementor-4304 elementor-2670\" data-elementor-post-type=\"page\">\n\t\t\t\t<div class=\"wd-negative-gap elementor-element elementor-element-9cb733a wd-section-stretch e-flex e-con-boxed e-con e-parent\" data-id=\"9cb733a\" data-element_type=\"container\" data-e-type=\"container\" data-settings=\"{&quot;background_background&quot;:&quot;slideshow&quot;,&quot;background_slideshow_gallery&quot;:[{&quot;id&quot;:4071,&quot;url&quot;:&quot;https:\\\/\\\/stroleecarts.eu\\\/wp-content\\\/uploads\\\/2025\\\/11\\\/1strolee_pet_cart.webp&quot;}],&quot;background_slideshow_loop&quot;:&quot;yes&quot;,&quot;background_slideshow_slide_duration&quot;:5000,&quot;background_slideshow_slide_transition&quot;:&quot;fade&quot;,&quot;background_slideshow_transition_duration&quot;:500}\">\n\t\t\t\t\t<div class=\"e-con-inner\">\n\t\t\t\t<div class=\"elementor-element elementor-element-b5b0ea6 wd-width-100 elementor-widget elementor-widget-wd_title\" data-id=\"b5b0ea6\" data-element_type=\"widget\" data-e-type=\"widget\" data-widget_type=\"wd_title.default\">\n\t\t\t\t<div class=\"elementor-widget-container\">\n\t\t\t\t\t\t\t<div class=\"title-wrapper wd-set-mb reset-last-child wd-title-color-default wd-title-style-default wd-title-size-large text-center\">\n\n\t\t\t\n\t\t\t<div class=\"liner-continer\">\n\t\t\t\t<h1 class=\"woodmart-title-container title wd-fontsize-xxl\">Contacto Strolee<\/h1> \n\t\t\t\t\t\t\t<\/div>\n\n\t\t\t\t\t\t\t<div class=\"title-after_title reset-last-child wd-fontsize-s\">\n\t\t\t\t\t<p>No dude en rellenar el formulario de contacto con cualquier pregunta, comentario o inquietud. \u00a1Nos pondremos en contacto con usted lo antes posible! \u00a1Gracias por elegir Strolee!  <\/p>\t\t\t\t<\/div>\n\t\t\t\t\t<\/div>\n\t\t\t\t\t\t<\/div>\n\t\t\t\t<\/div>\n\t\t\t\t\t<\/div>\n\t\t\t\t<\/div>\n\t\t<div class=\"elementor-element elementor-element-49f9ee6 animated-slow e-flex e-con-boxed elementor-invisible e-con e-parent\" data-id=\"49f9ee6\" data-element_type=\"container\" data-e-type=\"container\" data-settings=\"{&quot;animation&quot;:&quot;fadeIn&quot;}\">\n\t\t\t\t\t<div class=\"e-con-inner\">\n\t\t<div class=\"elementor-element elementor-element-74c3534 e-con-full e-flex e-con e-child\" data-id=\"74c3534\" data-element_type=\"container\" data-e-type=\"container\">\n\t\t\t\t<div class=\"elementor-element elementor-element-44d8444 wd-width-100 elementor-widget elementor-widget-wd_title\" data-id=\"44d8444\" data-element_type=\"widget\" data-e-type=\"widget\" data-widget_type=\"wd_title.default\">\n\t\t\t\t<div class=\"elementor-widget-container\">\n\t\t\t\t\t\t\t<div class=\"title-wrapper wd-set-mb reset-last-child wd-title-color-default wd-title-style-default wd-title-size-large text-center\">\n\n\t\t\t\n\t\t\t<div class=\"liner-continer\">\n\t\t\t\t<h4 class=\"woodmart-title-container title wd-fontsize-xxl\">\u00a1Nos ENCANTAR\u00cdA saber de usted!<\/h4> \n\t\t\t\t\t\t\t<\/div>\n\n\t\t\t\t\t<\/div>\n\t\t\t\t\t\t<\/div>\n\t\t\t\t<\/div>\n\t\t\t\t<\/div>\n\t\t<div class=\"elementor-element elementor-element-e65b3da e-con-full e-flex e-con e-child\" data-id=\"e65b3da\" data-element_type=\"container\" data-e-type=\"container\">\n\t\t\t\t<div class=\"elementor-element elementor-element-1e103d7 color-scheme-inherit text-left elementor-widget elementor-widget-text-editor\" data-id=\"1e103d7\" data-element_type=\"widget\" data-e-type=\"widget\" data-widget_type=\"text-editor.default\">\n\t\t\t\t\t\t\t\t\t<p><strong>connect@stroleecarts.eu<\/strong><\/p>\t\t\t\t\t\t\t\t<\/div>\n\t\t\t\t<\/div>\n\t\t<div class=\"elementor-element elementor-element-0af061e e-con-full e-flex e-con e-child\" data-id=\"0af061e\" data-element_type=\"container\" data-e-type=\"container\">\n\t\t\t\t<div class=\"elementor-element elementor-element-d908699 elementor-button-align-stretch elementor-widget elementor-widget-form\" data-id=\"d908699\" data-element_type=\"widget\" data-e-type=\"widget\" data-settings=\"{&quot;step_next_label&quot;:&quot;Siguiente&quot;,&quot;step_previous_label&quot;:&quot;Anterior&quot;,&quot;button_width&quot;:&quot;100&quot;,&quot;step_type&quot;:&quot;number_text&quot;,&quot;step_icon_shape&quot;:&quot;circle&quot;}\" data-widget_type=\"form.default\">\n\t\t\t\t\t\t\t<form class=\"elementor-form\" method=\"post\" id=\"connectstrolee\" name=\"connectstrolee\" aria-label=\"connectstrolee\">\n\t\t\t<input type=\"hidden\" name=\"post_id\" value=\"4304\"\/>\n\t\t\t<input type=\"hidden\" name=\"form_id\" value=\"d908699\"\/>\n\t\t\t<input type=\"hidden\" name=\"referer_title\" value=\"Contactar con Strolee Europe \u2013 Atenci\u00f3n al cliente y consultas\" \/>\n\n\t\t\t\t\t\t\t<input type=\"hidden\" name=\"queried_id\" value=\"4304\"\/>\n\t\t\t\n\t\t\t<div class=\"elementor-form-fields-wrapper elementor-labels-\">\n\t\t\t\t\t\t\t\t<div class=\"elementor-field-type-text elementor-field-group elementor-column elementor-field-group-name elementor-col-100 elementor-field-required\">\n\t\t\t\t\t\t\t\t\t\t\t\t<label for=\"form-field-name\" class=\"elementor-field-label elementor-screen-only\">\n\t\t\t\t\t\t\t\tNombre\t\t\t\t\t\t\t<\/label>\n\t\t\t\t\t\t\t\t\t\t\t\t\t\t<input size=\"1\" type=\"text\" name=\"form_fields[name]\" id=\"form-field-name\" class=\"elementor-field elementor-size-lg  elementor-field-textual\" placeholder=\"Nombre\" required=\"required\">\n\t\t\t\t\t\t\t\t\t\t\t<\/div>\n\t\t\t\t\t\t\t\t<div class=\"elementor-field-type-email elementor-field-group elementor-column elementor-field-group-email elementor-col-100 elementor-field-required\">\n\t\t\t\t\t\t\t\t\t\t\t\t<label for=\"form-field-email\" class=\"elementor-field-label elementor-screen-only\">\n\t\t\t\t\t\t\t\tCorreo electr\u00f3nico\t\t\t\t\t\t\t<\/label>\n\t\t\t\t\t\t\t\t\t\t\t\t\t\t<input size=\"1\" type=\"email\" name=\"form_fields[email]\" id=\"form-field-email\" class=\"elementor-field elementor-size-lg  elementor-field-textual\" placeholder=\"Correo electr\u00f3nico\" required=\"required\">\n\t\t\t\t\t\t\t\t\t\t\t<\/div>\n\t\t\t\t\t\t\t\t<div class=\"elementor-field-type-textarea elementor-field-group elementor-column elementor-field-group-message elementor-col-100 elementor-field-required\">\n\t\t\t\t\t\t\t\t\t\t\t\t<label for=\"form-field-message\" class=\"elementor-field-label elementor-screen-only\">\n\t\t\t\t\t\t\t\tMensaje\t\t\t\t\t\t\t<\/label>\n\t\t\t\t\t\t<textarea class=\"elementor-field-textual elementor-field  elementor-size-lg\" name=\"form_fields[message]\" id=\"form-field-message\" rows=\"4\" placeholder=\"Mensaje\" required=\"required\"><\/textarea>\t\t\t\t<\/div>\n\t\t\t\t\t\t\t\t<div class=\"elementor-field-type-acceptance elementor-field-group elementor-column elementor-field-group-acceptance elementor-col-100 elementor-field-required\">\n\t\t\t\t\t\t\t\t\t\t\t\t<label for=\"form-field-acceptance\" class=\"elementor-field-label elementor-screen-only\">\n\t\t\t\t\t\t\t\tAceptaci\u00f3n\t\t\t\t\t\t\t<\/label>\n\t\t\t\t\t\t\t\t<div class=\"elementor-field-subgroup\">\n\t\t\t<span class=\"elementor-field-option\">\n\t\t\t\t<input type=\"checkbox\" name=\"form_fields[acceptance]\" id=\"form-field-acceptance\" class=\"elementor-field elementor-size-lg  elementor-acceptance-field\" required=\"required\">\n\t\t\t\t<label for=\"form-field-acceptance\">Acepto el uso de mis datos personales con el fin de responder a mi solicitud.<\/label>\t\t\t<\/span>\n\t\t<\/div>\n\t\t\t\t\t\t<\/div>\n\t\t\t\t\t\t\t\t<div class=\"elementor-field-type-recaptcha_v3 elementor-field-group elementor-column elementor-field-group-field_8c8fbb1 elementor-col-100 recaptcha_v3-bottomleft\">\n\t\t\t\t\t<div class=\"elementor-field\" id=\"form-field-field_8c8fbb1\"><div class=\"elementor-g-recaptcha\" data-sitekey=\"6Ldb-hgsAAAAAL-71_xxuPU636LVh9i7lSf7v9ct\" data-type=\"v3\" data-action=\"Form\" data-badge=\"bottomleft\" data-size=\"invisible\"><\/div><\/div>\t\t\t\t<\/div>\n\t\t\t\t\t\t\t\t<div class=\"elementor-field-group elementor-column elementor-field-type-submit elementor-col-100 e-form__buttons\">\n\t\t\t\t\t<button class=\"elementor-button elementor-size-lg\" type=\"submit\">\n\t\t\t\t\t\t<span class=\"elementor-button-content-wrapper\">\n\t\t\t\t\t\t\t\t\t\t\t\t\t\t\t\t\t\t\t\t\t\t<span class=\"elementor-button-text\">Enviar<\/span>\n\t\t\t\t\t\t\t\t\t\t\t\t\t<\/span>\n\t\t\t\t\t<\/button>\n\t\t\t\t<\/div>\n\t\t\t<\/div>\n\t\t<\/form>\n\t\t\t\t\t\t<\/div>\n\t\t\t\t<\/div>\n\t\t\t\t\t<\/div>\n\t\t\t\t<\/div>\n\t\t\t\t<\/div>\n\t\t","protected":false},"excerpt":{"rendered":"<p>Contacto Strolee No dude en rellenar el formulario de contacto con cualquier pregunta, comentario o inquietud. \u00a1Nos pondremos en contacto<\/p>\n","protected":false},"author":6,"featured_media":0,"parent":0,"menu_order":0,"comment_status":"closed","ping_status":"closed","template":"elementor_header_footer","meta":{"footnotes":""},"class_list":["post-4304","page","type-page","status-publish","hentry"],"yoast_head":"<!-- This site is optimized with the Yoast SEO plugin v27.3 - https:\/\/yoast.com\/product\/yoast-seo-wordpress\/ -->\n<title>Contactar con Strolee Europe \u2013 Atenci\u00f3n al cliente y consultas<\/title>\n<meta name=\"description\" content=\"\u00bfTiene preguntas? P\u00f3ngase en contacto con Strolee Europe para obtener asistencia, informaci\u00f3n sobre la garant\u00eda o informaci\u00f3n sobre pedidos anticipados. Estamos aqu\u00ed para ayudarle.\" \/>\n<meta name=\"robots\" content=\"index, follow, max-snippet:-1, max-image-preview:large, max-video-preview:-1\" \/>\n<link rel=\"canonical\" href=\"https:\/\/stroleecarts.eu\/es\/contactenos\/\" \/>\n<meta property=\"og:locale\" content=\"es_ES\" \/>\n<meta property=\"og:type\" content=\"article\" \/>\n<meta property=\"og:title\" content=\"Contactar con Strolee Europe \u2013 Atenci\u00f3n al cliente y consultas\" \/>\n<meta property=\"og:description\" content=\"\u00bfTiene preguntas? P\u00f3ngase en contacto con Strolee Europe para obtener asistencia, informaci\u00f3n sobre la garant\u00eda o informaci\u00f3n sobre pedidos anticipados. Estamos aqu\u00ed para ayudarle.\" \/>\n<meta property=\"og:url\" content=\"https:\/\/stroleecarts.eu\/es\/contactenos\/\" \/>\n<meta property=\"og:site_name\" content=\"Strolee Carts Europe\" \/>\n<meta property=\"article:modified_time\" content=\"2026-04-02T00:21:13+00:00\" \/>\n<meta name=\"twitter:card\" content=\"summary_large_image\" \/>\n<meta name=\"twitter:label1\" content=\"Tiempo de lectura\" \/>\n\t<meta name=\"twitter:data1\" content=\"1 minuto\" \/>\n<script type=\"application\/ld+json\" class=\"yoast-schema-graph\">{\"@context\":\"https:\\\/\\\/schema.org\",\"@graph\":[{\"@type\":\"WebPage\",\"@id\":\"https:\\\/\\\/stroleecarts.eu\\\/es\\\/contactenos\\\/\",\"url\":\"https:\\\/\\\/stroleecarts.eu\\\/es\\\/contactenos\\\/\",\"name\":\"Contactar con Strolee Europe \u2013 Atenci\u00f3n al cliente y consultas\",\"isPartOf\":{\"@id\":\"https:\\\/\\\/stroleecarts.eu\\\/es\\\/#website\"},\"datePublished\":\"2025-11-19T15:30:05+00:00\",\"dateModified\":\"2026-04-02T00:21:13+00:00\",\"description\":\"\u00bfTiene preguntas? P\u00f3ngase en contacto con Strolee Europe para obtener asistencia, informaci\u00f3n sobre la garant\u00eda o informaci\u00f3n sobre pedidos anticipados. Estamos aqu\u00ed para ayudarle.\",\"breadcrumb\":{\"@id\":\"https:\\\/\\\/stroleecarts.eu\\\/es\\\/contactenos\\\/#breadcrumb\"},\"inLanguage\":\"es\",\"potentialAction\":[{\"@type\":\"ReadAction\",\"target\":[\"https:\\\/\\\/stroleecarts.eu\\\/es\\\/contactenos\\\/\"]}]},{\"@type\":\"BreadcrumbList\",\"@id\":\"https:\\\/\\\/stroleecarts.eu\\\/es\\\/contactenos\\\/#breadcrumb\",\"itemListElement\":[{\"@type\":\"ListItem\",\"position\":1,\"name\":\"Home\",\"item\":\"https:\\\/\\\/stroleecarts.eu\\\/es\\\/strolee-carts-europa\\\/\"},{\"@type\":\"ListItem\",\"position\":2,\"name\":\"Cont\u00e1ctenos\"}]},{\"@type\":\"WebSite\",\"@id\":\"https:\\\/\\\/stroleecarts.eu\\\/es\\\/#website\",\"url\":\"https:\\\/\\\/stroleecarts.eu\\\/es\\\/\",\"name\":\"Strolee Carts Europe\",\"description\":\"Innovate Mobility\",\"potentialAction\":[{\"@type\":\"SearchAction\",\"target\":{\"@type\":\"EntryPoint\",\"urlTemplate\":\"https:\\\/\\\/stroleecarts.eu\\\/es\\\/?s={search_term_string}\"},\"query-input\":{\"@type\":\"PropertyValueSpecification\",\"valueRequired\":true,\"valueName\":\"search_term_string\"}}],\"inLanguage\":\"es\"}]}<\/script>\n<!-- \/ Yoast SEO plugin. -->","yoast_head_json":{"title":"Contactar con Strolee Europe \u2013 Atenci\u00f3n al cliente y consultas","description":"\u00bfTiene preguntas? P\u00f3ngase en contacto con Strolee Europe para obtener asistencia, informaci\u00f3n sobre la garant\u00eda o informaci\u00f3n sobre pedidos anticipados. Estamos aqu\u00ed para ayudarle.","robots":{"index":"index","follow":"follow","max-snippet":"max-snippet:-1","max-image-preview":"max-image-preview:large","max-video-preview":"max-video-preview:-1"},"canonical":"https:\/\/stroleecarts.eu\/es\/contactenos\/","og_locale":"es_ES","og_type":"article","og_title":"Contactar con Strolee Europe \u2013 Atenci\u00f3n al cliente y consultas","og_description":"\u00bfTiene preguntas? P\u00f3ngase en contacto con Strolee Europe para obtener asistencia, informaci\u00f3n sobre la garant\u00eda o informaci\u00f3n sobre pedidos anticipados. Estamos aqu\u00ed para ayudarle.","og_url":"https:\/\/stroleecarts.eu\/es\/contactenos\/","og_site_name":"Strolee Carts Europe","article_modified_time":"2026-04-02T00:21:13+00:00","twitter_card":"summary_large_image","twitter_misc":{"Tiempo de lectura":"1 minuto"},"schema":{"@context":"https:\/\/schema.org","@graph":[{"@type":"WebPage","@id":"https:\/\/stroleecarts.eu\/es\/contactenos\/","url":"https:\/\/stroleecarts.eu\/es\/contactenos\/","name":"Contactar con Strolee Europe \u2013 Atenci\u00f3n al cliente y consultas","isPartOf":{"@id":"https:\/\/stroleecarts.eu\/es\/#website"},"datePublished":"2025-11-19T15:30:05+00:00","dateModified":"2026-04-02T00:21:13+00:00","description":"\u00bfTiene preguntas? P\u00f3ngase en contacto con Strolee Europe para obtener asistencia, informaci\u00f3n sobre la garant\u00eda o informaci\u00f3n sobre pedidos anticipados. Estamos aqu\u00ed para ayudarle.","breadcrumb":{"@id":"https:\/\/stroleecarts.eu\/es\/contactenos\/#breadcrumb"},"inLanguage":"es","potentialAction":[{"@type":"ReadAction","target":["https:\/\/stroleecarts.eu\/es\/contactenos\/"]}]},{"@type":"BreadcrumbList","@id":"https:\/\/stroleecarts.eu\/es\/contactenos\/#breadcrumb","itemListElement":[{"@type":"ListItem","position":1,"name":"Home","item":"https:\/\/stroleecarts.eu\/es\/strolee-carts-europa\/"},{"@type":"ListItem","position":2,"name":"Cont\u00e1ctenos"}]},{"@type":"WebSite","@id":"https:\/\/stroleecarts.eu\/es\/#website","url":"https:\/\/stroleecarts.eu\/es\/","name":"Strolee Carts Europe","description":"Innovate Mobility","potentialAction":[{"@type":"SearchAction","target":{"@type":"EntryPoint","urlTemplate":"https:\/\/stroleecarts.eu\/es\/?s={search_term_string}"},"query-input":{"@type":"PropertyValueSpecification","valueRequired":true,"valueName":"search_term_string"}}],"inLanguage":"es"}]}},"_links":{"self":[{"href":"https:\/\/stroleecarts.eu\/es\/wp-json\/wp\/v2\/pages\/4304","targetHints":{"allow":["GET"]}}],"collection":[{"href":"https:\/\/stroleecarts.eu\/es\/wp-json\/wp\/v2\/pages"}],"about":[{"href":"https:\/\/stroleecarts.eu\/es\/wp-json\/wp\/v2\/types\/page"}],"author":[{"embeddable":true,"href":"https:\/\/stroleecarts.eu\/es\/wp-json\/wp\/v2\/users\/6"}],"replies":[{"embeddable":true,"href":"https:\/\/stroleecarts.eu\/es\/wp-json\/wp\/v2\/comments?post=4304"}],"version-history":[{"count":4,"href":"https:\/\/stroleecarts.eu\/es\/wp-json\/wp\/v2\/pages\/4304\/revisions"}],"predecessor-version":[{"id":5917,"href":"https:\/\/stroleecarts.eu\/es\/wp-json\/wp\/v2\/pages\/4304\/revisions\/5917"}],"wp:attachment":[{"href":"https:\/\/stroleecarts.eu\/es\/wp-json\/wp\/v2\/media?parent=4304"}],"curies":[{"name":"wp","href":"https:\/\/api.w.org\/{rel}","templated":true}]}}