{"id":7370,"date":"2026-05-02T14:10:26","date_gmt":"2026-05-02T14:10:26","guid":{"rendered":"https:\/\/stroleecarts.eu\/blog-de-strolee\/"},"modified":"2026-05-05T20:50:14","modified_gmt":"2026-05-05T20:50:14","slug":"blog-de-strolee","status":"publish","type":"page","link":"https:\/\/stroleecarts.eu\/es\/blog-de-strolee\/","title":{"rendered":"Blog de Strolee"},"content":{"rendered":"\t\t<div data-elementor-type=\"wp-page\" data-elementor-id=\"7370\" class=\"elementor elementor-7370 elementor-7086\" data-elementor-post-type=\"page\">\n\t\t\t\t<div class=\"wd-negative-gap elementor-element elementor-element-ee91ed4 animated-slow e-flex e-con-boxed elementor-invisible e-con e-parent\" data-id=\"ee91ed4\" data-element_type=\"container\" data-e-type=\"container\" data-settings=\"{&quot;animation&quot;:&quot;fadeIn&quot;}\">\n\t\t\t\t\t<div class=\"e-con-inner\">\n\t\t\t\t<div class=\"elementor-element elementor-element-95305ca wd-width-100 elementor-widget elementor-widget-wd_title\" data-id=\"95305ca\" data-element_type=\"widget\" data-e-type=\"widget\" data-widget_type=\"wd_title.default\">\n\t\t\t\t<div class=\"elementor-widget-container\">\n\t\t\t\t\t\t\t<div class=\"title-wrapper wd-set-mb reset-last-child wd-title-color-default wd-title-style-default wd-title-size-large text-center\">\n\n\t\t\t\n\t\t\t<div class=\"liner-continer\">\n\t\t\t\t<h1 class=\"woodmart-title-container title wd-fontsize-xxl\">Blog de Strolee<\/h1> \n\t\t\t\t\t\t\t<\/div>\n\n\t\t\t\t\t\t\t<div class=\"title-after_title reset-last-child wd-fontsize-s\">\n\t\t\t\t\t<p>Noticias y consejos \u00fatiles para el d\u00eda a d\u00eda<\/p>\t\t\t\t<\/div>\n\t\t\t\t\t<\/div>\n\t\t\t\t\t\t<\/div>\n\t\t\t\t<\/div>\n\t\t\t\t\t<\/div>\n\t\t\t\t<\/div>\n\t\t<div class=\"wd-negative-gap elementor-element elementor-element-59963ea animated-slow e-flex e-con-boxed elementor-invisible e-con e-parent\" data-id=\"59963ea\" data-element_type=\"container\" data-e-type=\"container\" data-settings=\"{&quot;animation&quot;:&quot;fadeIn&quot;}\">\n\t\t\t\t\t<div class=\"e-con-inner\">\n\t\t<div class=\"elementor-element elementor-element-c0f8f4d e-con-full e-flex e-con e-child\" data-id=\"c0f8f4d\" data-element_type=\"container\" data-e-type=\"container\">\n\t\t\t\t<div class=\"elementor-element elementor-element-77a13e0 elementor-grid-3 elementor-grid-tablet-2 elementor-grid-mobile-1 elementor-posts--thumbnail-top elementor-widget elementor-widget-posts\" data-id=\"77a13e0\" data-element_type=\"widget\" data-e-type=\"widget\" data-settings=\"{&quot;classic_columns&quot;:&quot;3&quot;,&quot;classic_columns_tablet&quot;:&quot;2&quot;,&quot;classic_columns_mobile&quot;:&quot;1&quot;,&quot;classic_row_gap&quot;:{&quot;unit&quot;:&quot;px&quot;,&quot;size&quot;:35,&quot;sizes&quot;:[]},&quot;classic_row_gap_tablet&quot;:{&quot;unit&quot;:&quot;px&quot;,&quot;size&quot;:&quot;&quot;,&quot;sizes&quot;:[]},&quot;classic_row_gap_mobile&quot;:{&quot;unit&quot;:&quot;px&quot;,&quot;size&quot;:&quot;&quot;,&quot;sizes&quot;:[]}}\" data-widget_type=\"posts.classic\">\n\t\t\t\t<div class=\"elementor-widget-container\">\n\t\t\t\t\t\t\t<div class=\"elementor-posts-container elementor-posts elementor-posts--skin-classic elementor-grid\" role=\"list\">\n\t\t\t\t<article class=\"elementor-post elementor-grid-item post-6584 post type-post status-publish format-standard has-post-thumbnail hentry category-blog-strolee tag-carrito-de-compra-estable tag-strolee\" role=\"listitem\">\n\t\t\t\t<a class=\"elementor-post__thumbnail__link\" href=\"https:\/\/stroleecarts.eu\/es\/the-hidden-side-of-online-shopping-toxic-products-and-unverified-platforms\/\" tabindex=\"-1\" >\n\t\t\t<div class=\"elementor-post__thumbnail\"><img loading=\"lazy\" decoding=\"async\" width=\"1500\" height=\"928\" src=\"https:\/\/stroleecarts.eu\/wp-content\/uploads\/2026\/04\/bad-experience-shopping.webp\" class=\"attachment-full size-full wp-image-7262\" alt=\"Trust Strolee for your purchases\" srcset=\"https:\/\/stroleecarts.eu\/wp-content\/uploads\/2026\/04\/bad-experience-shopping.webp 1500w, https:\/\/stroleecarts.eu\/wp-content\/uploads\/2026\/04\/bad-experience-shopping-150x93.webp 150w, https:\/\/stroleecarts.eu\/wp-content\/uploads\/2026\/04\/bad-experience-shopping-1200x742.webp 1200w, https:\/\/stroleecarts.eu\/wp-content\/uploads\/2026\/04\/bad-experience-shopping-300x186.webp 300w, https:\/\/stroleecarts.eu\/wp-content\/uploads\/2026\/04\/bad-experience-shopping-1024x634.webp 1024w, https:\/\/stroleecarts.eu\/wp-content\/uploads\/2026\/04\/bad-experience-shopping-768x475.webp 768w\" sizes=\"auto, (max-width: 1500px) 100vw, 1500px\" \/><\/div>\n\t\t<\/a>\n\t\t\t\t<div class=\"elementor-post__text\">\n\t\t\t\t<h2 class=\"elementor-post__title\">\n\t\t\t<a href=\"https:\/\/stroleecarts.eu\/es\/the-hidden-side-of-online-shopping-toxic-products-and-unverified-platforms\/\" >\n\t\t\t\tEl lado oculto de las compras online: productos t\u00f3xicos y plataformas no verificadas\t\t\t<\/a>\n\t\t<\/h2>\n\t\t\t\t<div class=\"elementor-post__meta-data\">\n\t\t\t\t\t<span class=\"elementor-post-date\">\n\t\t\tabril 9, 2026\t\t<\/span>\n\t\t\t\t<\/div>\n\t\t\t\t<div class=\"elementor-post__excerpt\">\n\t\t\t<p>El lado oculto de las compras online: productos t\u00f3xicos y plataformas no verificadas &nbsp; Comprar online nunca ha sido tan<\/p>\n\t\t<\/div>\n\t\t\t\t<\/div>\n\t\t\t\t<\/article>\n\t\t\t\t<article class=\"elementor-post elementor-grid-item post-4374 post type-post status-publish format-standard has-post-thumbnail hentry category-blog-strolee tag-carrito-de-compra-estable tag-strolee\" role=\"listitem\">\n\t\t\t\t<a class=\"elementor-post__thumbnail__link\" href=\"https:\/\/stroleecarts.eu\/es\/el-auge-de-la-tenencia-de-mascotas-en-europa\/\" tabindex=\"-1\" >\n\t\t\t<div class=\"elementor-post__thumbnail\"><img loading=\"lazy\" decoding=\"async\" width=\"1500\" height=\"928\" src=\"https:\/\/stroleecarts.eu\/wp-content\/uploads\/2025\/11\/per-carts.webp\" class=\"attachment-full size-full wp-image-7263\" alt=\"Strolee Blog - Pet Strolers\" srcset=\"https:\/\/stroleecarts.eu\/wp-content\/uploads\/2025\/11\/per-carts.webp 1500w, https:\/\/stroleecarts.eu\/wp-content\/uploads\/2025\/11\/per-carts-150x93.webp 150w, https:\/\/stroleecarts.eu\/wp-content\/uploads\/2025\/11\/per-carts-1200x742.webp 1200w, https:\/\/stroleecarts.eu\/wp-content\/uploads\/2025\/11\/per-carts-300x186.webp 300w, https:\/\/stroleecarts.eu\/wp-content\/uploads\/2025\/11\/per-carts-1024x634.webp 1024w, https:\/\/stroleecarts.eu\/wp-content\/uploads\/2025\/11\/per-carts-768x475.webp 768w\" sizes=\"auto, (max-width: 1500px) 100vw, 1500px\" \/><\/div>\n\t\t<\/a>\n\t\t\t\t<div class=\"elementor-post__text\">\n\t\t\t\t<h2 class=\"elementor-post__title\">\n\t\t\t<a href=\"https:\/\/stroleecarts.eu\/es\/el-auge-de-la-tenencia-de-mascotas-en-europa\/\" >\n\t\t\t\tEl auge de la tenencia de mascotas en Europa\t\t\t<\/a>\n\t\t<\/h2>\n\t\t\t\t<div class=\"elementor-post__meta-data\">\n\t\t\t\t\t<span class=\"elementor-post-date\">\n\t\t\tnoviembre 26, 2025\t\t<\/span>\n\t\t\t\t<\/div>\n\t\t\t\t<div class=\"elementor-post__excerpt\">\n\t\t\t<p>El auge de la tenencia de mascotas en Europa y la creciente necesidad de carros para mascotas Las mascotas se<\/p>\n\t\t<\/div>\n\t\t\t\t<\/div>\n\t\t\t\t<\/article>\n\t\t\t\t<article class=\"elementor-post elementor-grid-item post-4350 post type-post status-publish format-standard has-post-thumbnail hentry category-blog-strolee tag-carrito-de-compra-estable tag-strolee\" role=\"listitem\">\n\t\t\t\t<a class=\"elementor-post__thumbnail__link\" href=\"https:\/\/stroleecarts.eu\/es\/la-creciente-necesidad-de-apoyo-a-la-movilidad-en-europa\/\" tabindex=\"-1\" >\n\t\t\t<div class=\"elementor-post__thumbnail\"><img loading=\"lazy\" decoding=\"async\" width=\"1500\" height=\"928\" src=\"https:\/\/stroleecarts.eu\/wp-content\/uploads\/2025\/11\/mobility-europe.webp\" class=\"attachment-full size-full wp-image-7278\" alt=\"Strolee Blog - Mobility in Europe\" srcset=\"https:\/\/stroleecarts.eu\/wp-content\/uploads\/2025\/11\/mobility-europe.webp 1500w, https:\/\/stroleecarts.eu\/wp-content\/uploads\/2025\/11\/mobility-europe-150x93.webp 150w, https:\/\/stroleecarts.eu\/wp-content\/uploads\/2025\/11\/mobility-europe-1200x742.webp 1200w, https:\/\/stroleecarts.eu\/wp-content\/uploads\/2025\/11\/mobility-europe-300x186.webp 300w, https:\/\/stroleecarts.eu\/wp-content\/uploads\/2025\/11\/mobility-europe-1024x634.webp 1024w, https:\/\/stroleecarts.eu\/wp-content\/uploads\/2025\/11\/mobility-europe-768x475.webp 768w\" sizes=\"auto, (max-width: 1500px) 100vw, 1500px\" \/><\/div>\n\t\t<\/a>\n\t\t\t\t<div class=\"elementor-post__text\">\n\t\t\t\t<h2 class=\"elementor-post__title\">\n\t\t\t<a href=\"https:\/\/stroleecarts.eu\/es\/la-creciente-necesidad-de-apoyo-a-la-movilidad-en-europa\/\" >\n\t\t\t\tLa creciente necesidad de apoyo a la movilidad en Europa\t\t\t<\/a>\n\t\t<\/h2>\n\t\t\t\t<div class=\"elementor-post__meta-data\">\n\t\t\t\t\t<span class=\"elementor-post-date\">\n\t\t\tnoviembre 26, 2025\t\t<\/span>\n\t\t\t\t<\/div>\n\t\t\t\t<div class=\"elementor-post__excerpt\">\n\t\t\t<p>Con m\u00e1s personas mayores de 65 a\u00f1os que nunca, los problemas de movilidad son cada vez m\u00e1s comunes. La poblaci\u00f3n<\/p>\n\t\t<\/div>\n\t\t\t\t<\/div>\n\t\t\t\t<\/article>\n\t\t\t\t<article class=\"elementor-post elementor-grid-item post-4365 post type-post status-publish format-standard has-post-thumbnail hentry category-blog-strolee tag-carrito-de-compra-estable tag-strolee\" role=\"listitem\">\n\t\t\t\t<a class=\"elementor-post__thumbnail__link\" href=\"https:\/\/stroleecarts.eu\/es\/como-aumentar-la-autonomia-y-la-confianza\/\" tabindex=\"-1\" >\n\t\t\t<div class=\"elementor-post__thumbnail\"><img loading=\"lazy\" decoding=\"async\" width=\"1500\" height=\"928\" src=\"https:\/\/stroleecarts.eu\/wp-content\/uploads\/2025\/11\/how-to-increase-mobility.webp\" class=\"attachment-full size-full wp-image-7286\" alt=\"Strolee Blog - How to increase mobility\" srcset=\"https:\/\/stroleecarts.eu\/wp-content\/uploads\/2025\/11\/how-to-increase-mobility.webp 1500w, https:\/\/stroleecarts.eu\/wp-content\/uploads\/2025\/11\/how-to-increase-mobility-150x93.webp 150w, https:\/\/stroleecarts.eu\/wp-content\/uploads\/2025\/11\/how-to-increase-mobility-1200x742.webp 1200w, https:\/\/stroleecarts.eu\/wp-content\/uploads\/2025\/11\/how-to-increase-mobility-300x186.webp 300w, https:\/\/stroleecarts.eu\/wp-content\/uploads\/2025\/11\/how-to-increase-mobility-1024x634.webp 1024w, https:\/\/stroleecarts.eu\/wp-content\/uploads\/2025\/11\/how-to-increase-mobility-768x475.webp 768w\" sizes=\"auto, (max-width: 1500px) 100vw, 1500px\" \/><\/div>\n\t\t<\/a>\n\t\t\t\t<div class=\"elementor-post__text\">\n\t\t\t\t<h2 class=\"elementor-post__title\">\n\t\t\t<a href=\"https:\/\/stroleecarts.eu\/es\/como-aumentar-la-autonomia-y-la-confianza\/\" >\n\t\t\t\tC\u00f3mo aumentar la autonom\u00eda y la confianza\t\t\t<\/a>\n\t\t<\/h2>\n\t\t\t\t<div class=\"elementor-post__meta-data\">\n\t\t\t\t\t<span class=\"elementor-post-date\">\n\t\t\tnoviembre 26, 2025\t\t<\/span>\n\t\t\t\t<\/div>\n\t\t\t\t<div class=\"elementor-post__excerpt\">\n\t\t\t<p>C\u00f3mo el Strolee Stability Shopper aumenta la autonom\u00eda y la confianza en la movilidad El Strolee Stability Cart aumenta la<\/p>\n\t\t<\/div>\n\t\t\t\t<\/div>\n\t\t\t\t<\/article>\n\t\t\t\t<article class=\"elementor-post elementor-grid-item post-4353 post type-post status-publish format-standard has-post-thumbnail hentry category-blog-strolee tag-carrito-de-compra-estable tag-strolee\" role=\"listitem\">\n\t\t\t\t<a class=\"elementor-post__thumbnail__link\" href=\"https:\/\/stroleecarts.eu\/es\/ingenieria-detras-del-strolee-stability-shopper\/\" tabindex=\"-1\" >\n\t\t\t<div class=\"elementor-post__thumbnail\"><img loading=\"lazy\" decoding=\"async\" width=\"1500\" height=\"928\" src=\"https:\/\/stroleecarts.eu\/wp-content\/uploads\/2025\/11\/The-engineering-behind-strolee.webp\" class=\"attachment-full size-full wp-image-7294\" alt=\"Strolee Blog - The Engineering of Strolee Cart\" srcset=\"https:\/\/stroleecarts.eu\/wp-content\/uploads\/2025\/11\/The-engineering-behind-strolee.webp 1500w, https:\/\/stroleecarts.eu\/wp-content\/uploads\/2025\/11\/The-engineering-behind-strolee-150x93.webp 150w, https:\/\/stroleecarts.eu\/wp-content\/uploads\/2025\/11\/The-engineering-behind-strolee-1200x742.webp 1200w, https:\/\/stroleecarts.eu\/wp-content\/uploads\/2025\/11\/The-engineering-behind-strolee-300x186.webp 300w, https:\/\/stroleecarts.eu\/wp-content\/uploads\/2025\/11\/The-engineering-behind-strolee-1024x634.webp 1024w, https:\/\/stroleecarts.eu\/wp-content\/uploads\/2025\/11\/The-engineering-behind-strolee-768x475.webp 768w\" sizes=\"auto, (max-width: 1500px) 100vw, 1500px\" \/><\/div>\n\t\t<\/a>\n\t\t\t\t<div class=\"elementor-post__text\">\n\t\t\t\t<h2 class=\"elementor-post__title\">\n\t\t\t<a href=\"https:\/\/stroleecarts.eu\/es\/ingenieria-detras-del-strolee-stability-shopper\/\" >\n\t\t\t\tIngenier\u00eda detr\u00e1s del Strolee Stability Shopper\t\t\t<\/a>\n\t\t<\/h2>\n\t\t\t\t<div class=\"elementor-post__meta-data\">\n\t\t\t\t\t<span class=\"elementor-post-date\">\n\t\t\tnoviembre 26, 2025\t\t<\/span>\n\t\t\t\t<\/div>\n\t\t\t\t<div class=\"elementor-post__excerpt\">\n\t\t\t<p>La ingenier\u00eda detr\u00e1s del Strolee Stability Shopper Cada componente del Strolee Stability Shopper est\u00e1 dise\u00f1ado teniendo en cuenta la durabilidad<\/p>\n\t\t<\/div>\n\t\t\t\t<\/div>\n\t\t\t\t<\/article>\n\t\t\t\t<article class=\"elementor-post elementor-grid-item post-4330 post type-post status-publish format-standard has-post-thumbnail hentry category-blog-strolee tag-carrito-de-compra-estable tag-strolee\" role=\"listitem\">\n\t\t\t\t<a class=\"elementor-post__thumbnail__link\" href=\"https:\/\/stroleecarts.eu\/es\/como-elegir-el-carrito-de-compra-ideal\/\" tabindex=\"-1\" >\n\t\t\t<div class=\"elementor-post__thumbnail\"><img loading=\"lazy\" decoding=\"async\" width=\"1200\" height=\"742\" src=\"https:\/\/stroleecarts.eu\/wp-content\/uploads\/2025\/11\/002-blog.webp\" class=\"attachment-full size-full wp-image-4818\" alt=\"Strolee Blog - What is Ideal Shopping Cart\" srcset=\"https:\/\/stroleecarts.eu\/wp-content\/uploads\/2025\/11\/002-blog.webp 1200w, https:\/\/stroleecarts.eu\/wp-content\/uploads\/2025\/11\/002-blog-150x93.webp 150w, https:\/\/stroleecarts.eu\/wp-content\/uploads\/2025\/11\/002-blog-300x186.webp 300w, https:\/\/stroleecarts.eu\/wp-content\/uploads\/2025\/11\/002-blog-1024x633.webp 1024w, https:\/\/stroleecarts.eu\/wp-content\/uploads\/2025\/11\/002-blog-768x475.webp 768w\" sizes=\"auto, (max-width: 1200px) 100vw, 1200px\" \/><\/div>\n\t\t<\/a>\n\t\t\t\t<div class=\"elementor-post__text\">\n\t\t\t\t<h2 class=\"elementor-post__title\">\n\t\t\t<a href=\"https:\/\/stroleecarts.eu\/es\/como-elegir-el-carrito-de-compra-ideal\/\" >\n\t\t\t\t\u00bfC\u00f3mo elegir el carrito de compra ideal?\t\t\t<\/a>\n\t\t<\/h2>\n\t\t\t\t<div class=\"elementor-post__meta-data\">\n\t\t\t\t\t<span class=\"elementor-post-date\">\n\t\t\tnoviembre 24, 2025\t\t<\/span>\n\t\t\t\t<\/div>\n\t\t\t\t<div class=\"elementor-post__excerpt\">\n\t\t\t<p>C\u00f3mo elegir el carrito de compra ideal: qu\u00e9 tener en cuenta antes de comprar Al elegir un carrito de compra,<\/p>\n\t\t<\/div>\n\t\t\t\t<\/div>\n\t\t\t\t<\/article>\n\t\t\t\t<article class=\"elementor-post elementor-grid-item post-4316 post type-post status-publish format-standard has-post-thumbnail hentry category-blog-strolee tag-carrito-de-compra-estable tag-strolee\" role=\"listitem\">\n\t\t\t\t<a class=\"elementor-post__thumbnail__link\" href=\"https:\/\/stroleecarts.eu\/es\/por-que-es-diferente-el-carro-de-compra-strolee-stability\/\" tabindex=\"-1\" >\n\t\t\t<div class=\"elementor-post__thumbnail\"><img loading=\"lazy\" decoding=\"async\" width=\"1200\" height=\"742\" src=\"https:\/\/stroleecarts.eu\/wp-content\/uploads\/2023\/04\/001-Stability-Shopper-Is-Different.webp\" class=\"attachment-full size-full wp-image-7313\" alt=\"Strolee Blog - Stability Shopper is Better\" srcset=\"https:\/\/stroleecarts.eu\/wp-content\/uploads\/2023\/04\/001-Stability-Shopper-Is-Different.webp 1200w, https:\/\/stroleecarts.eu\/wp-content\/uploads\/2023\/04\/001-Stability-Shopper-Is-Different-150x93.webp 150w, https:\/\/stroleecarts.eu\/wp-content\/uploads\/2023\/04\/001-Stability-Shopper-Is-Different-300x186.webp 300w, https:\/\/stroleecarts.eu\/wp-content\/uploads\/2023\/04\/001-Stability-Shopper-Is-Different-1024x633.webp 1024w, https:\/\/stroleecarts.eu\/wp-content\/uploads\/2023\/04\/001-Stability-Shopper-Is-Different-768x475.webp 768w\" sizes=\"auto, (max-width: 1200px) 100vw, 1200px\" \/><\/div>\n\t\t<\/a>\n\t\t\t\t<div class=\"elementor-post__text\">\n\t\t\t\t<h2 class=\"elementor-post__title\">\n\t\t\t<a href=\"https:\/\/stroleecarts.eu\/es\/por-que-es-diferente-el-carro-de-compra-strolee-stability\/\" >\n\t\t\t\t\u00bfPor qu\u00e9 es diferente el carro de compra Strolee Stability?\t\t\t<\/a>\n\t\t<\/h2>\n\t\t\t\t<div class=\"elementor-post__meta-data\">\n\t\t\t\t\t<span class=\"elementor-post-date\">\n\t\t\tabril 25, 2023\t\t<\/span>\n\t\t\t\t<\/div>\n\t\t\t\t<div class=\"elementor-post__excerpt\">\n\t\t\t<p>Por qu\u00e9 el carro de compra Strolee Stability es diferente: dise\u00f1o, estabilidad, ligereza y practicidad cotidiana El carro Strolee Stability<\/p>\n\t\t<\/div>\n\t\t\t\t<\/div>\n\t\t\t\t<\/article>\n\t\t\t\t<\/div>\n\t\t\n\t\t\t\t\t\t<\/div>\n\t\t\t\t<\/div>\n\t\t\t\t<\/div>\n\t\t\t\t\t<\/div>\n\t\t\t\t<\/div>\n\t\t\t\t<\/div>\n\t\t","protected":false},"excerpt":{"rendered":"<p>Blog de Strolee Noticias y consejos \u00fatiles para el d\u00eda a d\u00eda<\/p>\n","protected":false},"author":6,"featured_media":0,"parent":0,"menu_order":0,"comment_status":"closed","ping_status":"closed","template":"","meta":{"content-type":"","footnotes":""},"class_list":["post-7370","page","type-page","status-publish","hentry"],"yoast_head":"<!-- This site is optimized with the Yoast SEO plugin v27.5 - https:\/\/yoast.com\/product\/yoast-seo-wordpress\/ -->\n<title>Blog de Strolee: movilidad, consejos para ir de compras y estilo de vida de las mascotas<\/title>\n<meta name=\"description\" content=\"Lea art\u00edculos de expertos sobre movilidad, cuidado de mascotas y consejos para ir de compras: mant\u00e9ngase informado con el blog de Strolee.\" \/>\n<meta name=\"robots\" content=\"index, follow, max-snippet:-1, max-image-preview:large, max-video-preview:-1\" \/>\n<link rel=\"canonical\" href=\"https:\/\/stroleecarts.eu\/es\/blog-de-strolee\/\" \/>\n<meta property=\"og:locale\" content=\"es_ES\" \/>\n<meta property=\"og:type\" content=\"article\" \/>\n<meta property=\"og:title\" content=\"Blog de Strolee: movilidad, consejos para ir de compras y estilo de vida de las mascotas\" \/>\n<meta property=\"og:description\" content=\"Lea art\u00edculos de expertos sobre movilidad, cuidado de mascotas y consejos para ir de compras: mant\u00e9ngase informado con el blog de Strolee.\" \/>\n<meta property=\"og:url\" content=\"https:\/\/stroleecarts.eu\/es\/blog-de-strolee\/\" \/>\n<meta property=\"og:site_name\" content=\"Strolee Carts Europe\" \/>\n<meta property=\"article:modified_time\" content=\"2026-05-05T20:50:14+00:00\" \/>\n<meta name=\"twitter:card\" content=\"summary_large_image\" \/>\n<script type=\"application\/ld+json\" class=\"yoast-schema-graph\">{\"@context\":\"https:\\\/\\\/schema.org\",\"@graph\":[{\"@type\":\"WebPage\",\"@id\":\"https:\\\/\\\/stroleecarts.eu\\\/es\\\/blog-de-strolee\\\/\",\"url\":\"https:\\\/\\\/stroleecarts.eu\\\/es\\\/blog-de-strolee\\\/\",\"name\":\"Blog de Strolee: movilidad, consejos para ir de compras y estilo de vida de las mascotas\",\"isPartOf\":{\"@id\":\"https:\\\/\\\/stroleecarts.eu\\\/es\\\/#website\"},\"datePublished\":\"2026-05-02T14:10:26+00:00\",\"dateModified\":\"2026-05-05T20:50:14+00:00\",\"description\":\"Lea art\u00edculos de expertos sobre movilidad, cuidado de mascotas y consejos para ir de compras: mant\u00e9ngase informado con el blog de Strolee.\",\"breadcrumb\":{\"@id\":\"https:\\\/\\\/stroleecarts.eu\\\/es\\\/blog-de-strolee\\\/#breadcrumb\"},\"inLanguage\":\"es\",\"potentialAction\":[{\"@type\":\"ReadAction\",\"target\":[\"https:\\\/\\\/stroleecarts.eu\\\/es\\\/blog-de-strolee\\\/\"]}]},{\"@type\":\"BreadcrumbList\",\"@id\":\"https:\\\/\\\/stroleecarts.eu\\\/es\\\/blog-de-strolee\\\/#breadcrumb\",\"itemListElement\":[{\"@type\":\"ListItem\",\"position\":1,\"name\":\"Home\",\"item\":\"https:\\\/\\\/stroleecarts.eu\\\/es\\\/comprar\\\/\"},{\"@type\":\"ListItem\",\"position\":2,\"name\":\"Blog de Strolee\"}]},{\"@type\":\"WebSite\",\"@id\":\"https:\\\/\\\/stroleecarts.eu\\\/es\\\/#website\",\"url\":\"https:\\\/\\\/stroleecarts.eu\\\/es\\\/\",\"name\":\"Strolee Carts Europe\",\"description\":\"Innovate Mobility\",\"potentialAction\":[{\"@type\":\"SearchAction\",\"target\":{\"@type\":\"EntryPoint\",\"urlTemplate\":\"https:\\\/\\\/stroleecarts.eu\\\/es\\\/?s={search_term_string}\"},\"query-input\":{\"@type\":\"PropertyValueSpecification\",\"valueRequired\":true,\"valueName\":\"search_term_string\"}}],\"inLanguage\":\"es\"}]}<\/script>\n<!-- \/ Yoast SEO plugin. -->","yoast_head_json":{"title":"Blog de Strolee: movilidad, consejos para ir de compras y estilo de vida de las mascotas","description":"Lea art\u00edculos de expertos sobre movilidad, cuidado de mascotas y consejos para ir de compras: mant\u00e9ngase informado con el blog de Strolee.","robots":{"index":"index","follow":"follow","max-snippet":"max-snippet:-1","max-image-preview":"max-image-preview:large","max-video-preview":"max-video-preview:-1"},"canonical":"https:\/\/stroleecarts.eu\/es\/blog-de-strolee\/","og_locale":"es_ES","og_type":"article","og_title":"Blog de Strolee: movilidad, consejos para ir de compras y estilo de vida de las mascotas","og_description":"Lea art\u00edculos de expertos sobre movilidad, cuidado de mascotas y consejos para ir de compras: mant\u00e9ngase informado con el blog de Strolee.","og_url":"https:\/\/stroleecarts.eu\/es\/blog-de-strolee\/","og_site_name":"Strolee Carts Europe","article_modified_time":"2026-05-05T20:50:14+00:00","twitter_card":"summary_large_image","schema":{"@context":"https:\/\/schema.org","@graph":[{"@type":"WebPage","@id":"https:\/\/stroleecarts.eu\/es\/blog-de-strolee\/","url":"https:\/\/stroleecarts.eu\/es\/blog-de-strolee\/","name":"Blog de Strolee: movilidad, consejos para ir de compras y estilo de vida de las mascotas","isPartOf":{"@id":"https:\/\/stroleecarts.eu\/es\/#website"},"datePublished":"2026-05-02T14:10:26+00:00","dateModified":"2026-05-05T20:50:14+00:00","description":"Lea art\u00edculos de expertos sobre movilidad, cuidado de mascotas y consejos para ir de compras: mant\u00e9ngase informado con el blog de Strolee.","breadcrumb":{"@id":"https:\/\/stroleecarts.eu\/es\/blog-de-strolee\/#breadcrumb"},"inLanguage":"es","potentialAction":[{"@type":"ReadAction","target":["https:\/\/stroleecarts.eu\/es\/blog-de-strolee\/"]}]},{"@type":"BreadcrumbList","@id":"https:\/\/stroleecarts.eu\/es\/blog-de-strolee\/#breadcrumb","itemListElement":[{"@type":"ListItem","position":1,"name":"Home","item":"https:\/\/stroleecarts.eu\/es\/comprar\/"},{"@type":"ListItem","position":2,"name":"Blog de Strolee"}]},{"@type":"WebSite","@id":"https:\/\/stroleecarts.eu\/es\/#website","url":"https:\/\/stroleecarts.eu\/es\/","name":"Strolee Carts Europe","description":"Innovate Mobility","potentialAction":[{"@type":"SearchAction","target":{"@type":"EntryPoint","urlTemplate":"https:\/\/stroleecarts.eu\/es\/?s={search_term_string}"},"query-input":{"@type":"PropertyValueSpecification","valueRequired":true,"valueName":"search_term_string"}}],"inLanguage":"es"}]}},"_links":{"self":[{"href":"https:\/\/stroleecarts.eu\/es\/wp-json\/wp\/v2\/pages\/7370","targetHints":{"allow":["GET"]}}],"collection":[{"href":"https:\/\/stroleecarts.eu\/es\/wp-json\/wp\/v2\/pages"}],"about":[{"href":"https:\/\/stroleecarts.eu\/es\/wp-json\/wp\/v2\/types\/page"}],"author":[{"embeddable":true,"href":"https:\/\/stroleecarts.eu\/es\/wp-json\/wp\/v2\/users\/6"}],"replies":[{"embeddable":true,"href":"https:\/\/stroleecarts.eu\/es\/wp-json\/wp\/v2\/comments?post=7370"}],"version-history":[{"count":1,"href":"https:\/\/stroleecarts.eu\/es\/wp-json\/wp\/v2\/pages\/7370\/revisions"}],"predecessor-version":[{"id":7371,"href":"https:\/\/stroleecarts.eu\/es\/wp-json\/wp\/v2\/pages\/7370\/revisions\/7371"}],"wp:attachment":[{"href":"https:\/\/stroleecarts.eu\/es\/wp-json\/wp\/v2\/media?parent=7370"}],"curies":[{"name":"wp","href":"https:\/\/api.w.org\/{rel}","templated":true}]}}