{"id":7366,"date":"2026-05-02T14:10:26","date_gmt":"2026-05-02T14:10:26","guid":{"rendered":"https:\/\/stroleecarts.eu\/blog-strolee\/"},"modified":"2026-05-05T20:49:35","modified_gmt":"2026-05-05T20:49:35","slug":"blog-strolee","status":"publish","type":"page","link":"https:\/\/stroleecarts.eu\/fr\/blog-strolee\/","title":{"rendered":"Blog Strolee"},"content":{"rendered":"\t\t<div data-elementor-type=\"wp-page\" data-elementor-id=\"7366\" class=\"elementor elementor-7366 elementor-7086\" data-elementor-post-type=\"page\">\n\t\t\t\t<div class=\"wd-negative-gap elementor-element elementor-element-ee91ed4 animated-slow e-flex e-con-boxed elementor-invisible e-con e-parent\" data-id=\"ee91ed4\" data-element_type=\"container\" data-e-type=\"container\" data-settings=\"{&quot;animation&quot;:&quot;fadeIn&quot;}\">\n\t\t\t\t\t<div class=\"e-con-inner\">\n\t\t\t\t<div class=\"elementor-element elementor-element-95305ca wd-width-100 elementor-widget elementor-widget-wd_title\" data-id=\"95305ca\" data-element_type=\"widget\" data-e-type=\"widget\" data-widget_type=\"wd_title.default\">\n\t\t\t\t<div class=\"elementor-widget-container\">\n\t\t\t\t\t\t\t<div class=\"title-wrapper wd-set-mb reset-last-child wd-title-color-default wd-title-style-default wd-title-size-large text-center\">\n\n\t\t\t\n\t\t\t<div class=\"liner-continer\">\n\t\t\t\t<h1 class=\"woodmart-title-container title wd-fontsize-xxl\">Blog Strolee<\/h1> \n\t\t\t\t\t\t\t<\/div>\n\n\t\t\t\t\t\t\t<div class=\"title-after_title reset-last-child wd-fontsize-s\">\n\t\t\t\t\t<p>Actualit\u00e9s et conseils utiles pour la vie quotidienne<\/p>\t\t\t\t<\/div>\n\t\t\t\t\t<\/div>\n\t\t\t\t\t\t<\/div>\n\t\t\t\t<\/div>\n\t\t\t\t\t<\/div>\n\t\t\t\t<\/div>\n\t\t<div class=\"wd-negative-gap elementor-element elementor-element-59963ea animated-slow e-flex e-con-boxed elementor-invisible e-con e-parent\" data-id=\"59963ea\" data-element_type=\"container\" data-e-type=\"container\" data-settings=\"{&quot;animation&quot;:&quot;fadeIn&quot;}\">\n\t\t\t\t\t<div class=\"e-con-inner\">\n\t\t<div class=\"elementor-element elementor-element-c0f8f4d e-con-full e-flex e-con e-child\" data-id=\"c0f8f4d\" data-element_type=\"container\" data-e-type=\"container\">\n\t\t\t\t<div class=\"elementor-element elementor-element-77a13e0 elementor-grid-3 elementor-grid-tablet-2 elementor-grid-mobile-1 elementor-posts--thumbnail-top elementor-widget elementor-widget-posts\" data-id=\"77a13e0\" data-element_type=\"widget\" data-e-type=\"widget\" data-settings=\"{&quot;classic_columns&quot;:&quot;3&quot;,&quot;classic_columns_tablet&quot;:&quot;2&quot;,&quot;classic_columns_mobile&quot;:&quot;1&quot;,&quot;classic_row_gap&quot;:{&quot;unit&quot;:&quot;px&quot;,&quot;size&quot;:35,&quot;sizes&quot;:[]},&quot;classic_row_gap_tablet&quot;:{&quot;unit&quot;:&quot;px&quot;,&quot;size&quot;:&quot;&quot;,&quot;sizes&quot;:[]},&quot;classic_row_gap_mobile&quot;:{&quot;unit&quot;:&quot;px&quot;,&quot;size&quot;:&quot;&quot;,&quot;sizes&quot;:[]}}\" data-widget_type=\"posts.classic\">\n\t\t\t\t<div class=\"elementor-widget-container\">\n\t\t\t\t\t\t\t<div class=\"elementor-posts-container elementor-posts elementor-posts--skin-classic elementor-grid\" role=\"list\">\n\t\t\t\t<article class=\"elementor-post elementor-grid-item post-6585 post type-post status-publish format-standard has-post-thumbnail hentry category-blog-strolee tag-aide-magasin-stable tag-strolee\" role=\"listitem\">\n\t\t\t\t<a class=\"elementor-post__thumbnail__link\" href=\"https:\/\/stroleecarts.eu\/fr\/produits-toxiques-en-ligne-le-risque-cache-des-achats\/\" tabindex=\"-1\" >\n\t\t\t<div class=\"elementor-post__thumbnail\"><img loading=\"lazy\" decoding=\"async\" width=\"1500\" height=\"928\" src=\"https:\/\/stroleecarts.eu\/wp-content\/uploads\/2026\/04\/bad-experience-shopping.webp\" class=\"attachment-full size-full wp-image-7203\" alt=\"Trust Strolee for your purchases\" srcset=\"https:\/\/stroleecarts.eu\/wp-content\/uploads\/2026\/04\/bad-experience-shopping.webp 1500w, https:\/\/stroleecarts.eu\/wp-content\/uploads\/2026\/04\/bad-experience-shopping-150x93.webp 150w, https:\/\/stroleecarts.eu\/wp-content\/uploads\/2026\/04\/bad-experience-shopping-1200x742.webp 1200w, https:\/\/stroleecarts.eu\/wp-content\/uploads\/2026\/04\/bad-experience-shopping-300x186.webp 300w, https:\/\/stroleecarts.eu\/wp-content\/uploads\/2026\/04\/bad-experience-shopping-1024x634.webp 1024w, https:\/\/stroleecarts.eu\/wp-content\/uploads\/2026\/04\/bad-experience-shopping-768x475.webp 768w\" sizes=\"auto, (max-width: 1500px) 100vw, 1500px\" \/><\/div>\n\t\t<\/a>\n\t\t\t\t<div class=\"elementor-post__text\">\n\t\t\t\t<h2 class=\"elementor-post__title\">\n\t\t\t<a href=\"https:\/\/stroleecarts.eu\/fr\/produits-toxiques-en-ligne-le-risque-cache-des-achats\/\" >\n\t\t\t\tLe c\u00f4t\u00e9 cach\u00e9 des achats en ligne : produits toxiques et plateformes non v\u00e9rifi\u00e9es\t\t\t<\/a>\n\t\t<\/h2>\n\t\t\t\t<div class=\"elementor-post__meta-data\">\n\t\t\t\t\t<span class=\"elementor-post-date\">\n\t\t\tavril 9, 2026\t\t<\/span>\n\t\t\t\t<\/div>\n\t\t\t\t<div class=\"elementor-post__excerpt\">\n\t\t\t<p>Le c\u00f4t\u00e9 cach\u00e9 des achats en ligne : produits toxiques et plateformes non v\u00e9rifi\u00e9es Faire des achats en ligne n\u2019a<\/p>\n\t\t<\/div>\n\t\t\t\t<\/div>\n\t\t\t\t<\/article>\n\t\t\t\t<article class=\"elementor-post elementor-grid-item post-4371 post type-post status-publish format-standard has-post-thumbnail hentry category-blog-strolee tag-aide-magasin-stable tag-strolee\" role=\"listitem\">\n\t\t\t\t<a class=\"elementor-post__thumbnail__link\" href=\"https:\/\/stroleecarts.eu\/fr\/lessor-de-la-possession-danimaux-de-compagnie-en-europe\/\" tabindex=\"-1\" >\n\t\t\t<div class=\"elementor-post__thumbnail\"><img loading=\"lazy\" decoding=\"async\" width=\"1500\" height=\"928\" src=\"https:\/\/stroleecarts.eu\/wp-content\/uploads\/2025\/11\/per-carts.webp\" class=\"attachment-full size-full wp-image-7204\" alt=\"Strolee Blog - Pet Strolers\" srcset=\"https:\/\/stroleecarts.eu\/wp-content\/uploads\/2025\/11\/per-carts.webp 1500w, https:\/\/stroleecarts.eu\/wp-content\/uploads\/2025\/11\/per-carts-150x93.webp 150w, https:\/\/stroleecarts.eu\/wp-content\/uploads\/2025\/11\/per-carts-1200x742.webp 1200w, https:\/\/stroleecarts.eu\/wp-content\/uploads\/2025\/11\/per-carts-300x186.webp 300w, https:\/\/stroleecarts.eu\/wp-content\/uploads\/2025\/11\/per-carts-1024x634.webp 1024w, https:\/\/stroleecarts.eu\/wp-content\/uploads\/2025\/11\/per-carts-768x475.webp 768w\" sizes=\"auto, (max-width: 1500px) 100vw, 1500px\" \/><\/div>\n\t\t<\/a>\n\t\t\t\t<div class=\"elementor-post__text\">\n\t\t\t\t<h2 class=\"elementor-post__title\">\n\t\t\t<a href=\"https:\/\/stroleecarts.eu\/fr\/lessor-de-la-possession-danimaux-de-compagnie-en-europe\/\" >\n\t\t\t\tL\u2019essor de la possession d\u2019animaux de compagnie en Europe\t\t\t<\/a>\n\t\t<\/h2>\n\t\t\t\t<div class=\"elementor-post__meta-data\">\n\t\t\t\t\t<span class=\"elementor-post-date\">\n\t\t\tnovembre 26, 2025\t\t<\/span>\n\t\t\t\t<\/div>\n\t\t\t\t<div class=\"elementor-post__excerpt\">\n\t\t\t<p>L\u2019essor de la possession d\u2019animaux de compagnie en Europe et le besoin croissant de chariots pour animaux de compagnie Les<\/p>\n\t\t<\/div>\n\t\t\t\t<\/div>\n\t\t\t\t<\/article>\n\t\t\t\t<article class=\"elementor-post elementor-grid-item post-4343 post type-post status-publish format-standard has-post-thumbnail hentry category-blog-strolee tag-aide-magasin-stable tag-strolee\" role=\"listitem\">\n\t\t\t\t<a class=\"elementor-post__thumbnail__link\" href=\"https:\/\/stroleecarts.eu\/fr\/le-besoin-croissant-de-soutien-a-la-mobilite-en-europe\/\" tabindex=\"-1\" >\n\t\t\t<div class=\"elementor-post__thumbnail\"><img loading=\"lazy\" decoding=\"async\" width=\"1500\" height=\"928\" src=\"https:\/\/stroleecarts.eu\/wp-content\/uploads\/2025\/11\/mobility-europe.webp\" class=\"attachment-full size-full wp-image-7205\" alt=\"Strolee Blog - Mobility in Europe\" srcset=\"https:\/\/stroleecarts.eu\/wp-content\/uploads\/2025\/11\/mobility-europe.webp 1500w, https:\/\/stroleecarts.eu\/wp-content\/uploads\/2025\/11\/mobility-europe-150x93.webp 150w, https:\/\/stroleecarts.eu\/wp-content\/uploads\/2025\/11\/mobility-europe-1200x742.webp 1200w, https:\/\/stroleecarts.eu\/wp-content\/uploads\/2025\/11\/mobility-europe-300x186.webp 300w, https:\/\/stroleecarts.eu\/wp-content\/uploads\/2025\/11\/mobility-europe-1024x634.webp 1024w, https:\/\/stroleecarts.eu\/wp-content\/uploads\/2025\/11\/mobility-europe-768x475.webp 768w\" sizes=\"auto, (max-width: 1500px) 100vw, 1500px\" \/><\/div>\n\t\t<\/a>\n\t\t\t\t<div class=\"elementor-post__text\">\n\t\t\t\t<h2 class=\"elementor-post__title\">\n\t\t\t<a href=\"https:\/\/stroleecarts.eu\/fr\/le-besoin-croissant-de-soutien-a-la-mobilite-en-europe\/\" >\n\t\t\t\tLe besoin croissant de soutien \u00e0 la mobilit\u00e9 en Europe\t\t\t<\/a>\n\t\t<\/h2>\n\t\t\t\t<div class=\"elementor-post__meta-data\">\n\t\t\t\t\t<span class=\"elementor-post-date\">\n\t\t\tnovembre 26, 2025\t\t<\/span>\n\t\t\t\t<\/div>\n\t\t\t\t<div class=\"elementor-post__excerpt\">\n\t\t\t<p>Avec plus de personnes de plus de 65 ans que jamais auparavant, les probl\u00e8mes de mobilit\u00e9 deviennent de plus en<\/p>\n\t\t<\/div>\n\t\t\t\t<\/div>\n\t\t\t\t<\/article>\n\t\t\t\t<article class=\"elementor-post elementor-grid-item post-4361 post type-post status-publish format-standard has-post-thumbnail hentry category-blog-strolee tag-aide-magasin-stable tag-strolee\" role=\"listitem\">\n\t\t\t\t<a class=\"elementor-post__thumbnail__link\" href=\"https:\/\/stroleecarts.eu\/fr\/comment-accroitre-lautonomie-et-la-confiance\/\" tabindex=\"-1\" >\n\t\t\t<div class=\"elementor-post__thumbnail\"><img loading=\"lazy\" decoding=\"async\" width=\"1500\" height=\"928\" src=\"https:\/\/stroleecarts.eu\/wp-content\/uploads\/2025\/11\/how-to-increase-mobility.webp\" class=\"attachment-full size-full wp-image-7206\" alt=\"Strolee Blog - How to increase mobility\" srcset=\"https:\/\/stroleecarts.eu\/wp-content\/uploads\/2025\/11\/how-to-increase-mobility.webp 1500w, https:\/\/stroleecarts.eu\/wp-content\/uploads\/2025\/11\/how-to-increase-mobility-150x93.webp 150w, https:\/\/stroleecarts.eu\/wp-content\/uploads\/2025\/11\/how-to-increase-mobility-1200x742.webp 1200w, https:\/\/stroleecarts.eu\/wp-content\/uploads\/2025\/11\/how-to-increase-mobility-300x186.webp 300w, https:\/\/stroleecarts.eu\/wp-content\/uploads\/2025\/11\/how-to-increase-mobility-1024x634.webp 1024w, https:\/\/stroleecarts.eu\/wp-content\/uploads\/2025\/11\/how-to-increase-mobility-768x475.webp 768w\" sizes=\"auto, (max-width: 1500px) 100vw, 1500px\" \/><\/div>\n\t\t<\/a>\n\t\t\t\t<div class=\"elementor-post__text\">\n\t\t\t\t<h2 class=\"elementor-post__title\">\n\t\t\t<a href=\"https:\/\/stroleecarts.eu\/fr\/comment-accroitre-lautonomie-et-la-confiance\/\" >\n\t\t\t\tComment accro\u00eetre l\u2019autonomie et la confiance\t\t\t<\/a>\n\t\t<\/h2>\n\t\t\t\t<div class=\"elementor-post__meta-data\">\n\t\t\t\t\t<span class=\"elementor-post-date\">\n\t\t\tnovembre 26, 2025\t\t<\/span>\n\t\t\t\t<\/div>\n\t\t\t\t<div class=\"elementor-post__excerpt\">\n\t\t\t<p>Comment le Strolee Stability Shopper accro\u00eet l\u2019autonomie et la confiance en mati\u00e8re de mobilit\u00e9 Le Strolee Stability Cart am\u00e9liore l\u2019autonomie<\/p>\n\t\t<\/div>\n\t\t\t\t<\/div>\n\t\t\t\t<\/article>\n\t\t\t\t<article class=\"elementor-post elementor-grid-item post-4348 post type-post status-publish format-standard has-post-thumbnail hentry category-blog-strolee tag-aide-magasin-stable tag-strolee\" role=\"listitem\">\n\t\t\t\t<a class=\"elementor-post__thumbnail__link\" href=\"https:\/\/stroleecarts.eu\/fr\/lingenierie-derriere-le-strolee-stability-shopper\/\" tabindex=\"-1\" >\n\t\t\t<div class=\"elementor-post__thumbnail\"><img loading=\"lazy\" decoding=\"async\" width=\"1500\" height=\"928\" src=\"https:\/\/stroleecarts.eu\/wp-content\/uploads\/2025\/11\/The-engineering-behind-strolee.webp\" class=\"attachment-full size-full wp-image-7207\" alt=\"Strolee Blog - The Engineering of Strolee Cart\" srcset=\"https:\/\/stroleecarts.eu\/wp-content\/uploads\/2025\/11\/The-engineering-behind-strolee.webp 1500w, https:\/\/stroleecarts.eu\/wp-content\/uploads\/2025\/11\/The-engineering-behind-strolee-150x93.webp 150w, https:\/\/stroleecarts.eu\/wp-content\/uploads\/2025\/11\/The-engineering-behind-strolee-1200x742.webp 1200w, https:\/\/stroleecarts.eu\/wp-content\/uploads\/2025\/11\/The-engineering-behind-strolee-300x186.webp 300w, https:\/\/stroleecarts.eu\/wp-content\/uploads\/2025\/11\/The-engineering-behind-strolee-1024x634.webp 1024w, https:\/\/stroleecarts.eu\/wp-content\/uploads\/2025\/11\/The-engineering-behind-strolee-768x475.webp 768w\" sizes=\"auto, (max-width: 1500px) 100vw, 1500px\" \/><\/div>\n\t\t<\/a>\n\t\t\t\t<div class=\"elementor-post__text\">\n\t\t\t\t<h2 class=\"elementor-post__title\">\n\t\t\t<a href=\"https:\/\/stroleecarts.eu\/fr\/lingenierie-derriere-le-strolee-stability-shopper\/\" >\n\t\t\t\tL\u2019ing\u00e9nierie derri\u00e8re le Strolee Stability Shopper\t\t\t<\/a>\n\t\t<\/h2>\n\t\t\t\t<div class=\"elementor-post__meta-data\">\n\t\t\t\t\t<span class=\"elementor-post-date\">\n\t\t\tnovembre 26, 2025\t\t<\/span>\n\t\t\t\t<\/div>\n\t\t\t\t<div class=\"elementor-post__excerpt\">\n\t\t\t<p>L\u2019ing\u00e9nierie derri\u00e8re le Strolee Stability Shopper Chaque composant du Strolee Stability Shopper est con\u00e7u dans un souci de durabilit\u00e9 et<\/p>\n\t\t<\/div>\n\t\t\t\t<\/div>\n\t\t\t\t<\/article>\n\t\t\t\t<article class=\"elementor-post elementor-grid-item post-4324 post type-post status-publish format-standard has-post-thumbnail hentry category-blog-strolee tag-aide-magasin-stable tag-strolee\" role=\"listitem\">\n\t\t\t\t<a class=\"elementor-post__thumbnail__link\" href=\"https:\/\/stroleecarts.eu\/fr\/comment-choisir-le-panier-de-courses-ideal\/\" tabindex=\"-1\" >\n\t\t\t<div class=\"elementor-post__thumbnail\"><img loading=\"lazy\" decoding=\"async\" width=\"1200\" height=\"742\" src=\"https:\/\/stroleecarts.eu\/wp-content\/uploads\/2025\/11\/002-blog.webp\" class=\"attachment-full size-full wp-image-4814\" alt=\"Strolee Blog - What is Ideal Shopping Cart\" srcset=\"https:\/\/stroleecarts.eu\/wp-content\/uploads\/2025\/11\/002-blog.webp 1200w, https:\/\/stroleecarts.eu\/wp-content\/uploads\/2025\/11\/002-blog-150x93.webp 150w, https:\/\/stroleecarts.eu\/wp-content\/uploads\/2025\/11\/002-blog-300x186.webp 300w, https:\/\/stroleecarts.eu\/wp-content\/uploads\/2025\/11\/002-blog-1024x633.webp 1024w, https:\/\/stroleecarts.eu\/wp-content\/uploads\/2025\/11\/002-blog-768x475.webp 768w\" sizes=\"auto, (max-width: 1200px) 100vw, 1200px\" \/><\/div>\n\t\t<\/a>\n\t\t\t\t<div class=\"elementor-post__text\">\n\t\t\t\t<h2 class=\"elementor-post__title\">\n\t\t\t<a href=\"https:\/\/stroleecarts.eu\/fr\/comment-choisir-le-panier-de-courses-ideal\/\" >\n\t\t\t\tComment choisir le panier de courses id\u00e9al&nbsp;?\t\t\t<\/a>\n\t\t<\/h2>\n\t\t\t\t<div class=\"elementor-post__meta-data\">\n\t\t\t\t\t<span class=\"elementor-post-date\">\n\t\t\tnovembre 24, 2025\t\t<\/span>\n\t\t\t\t<\/div>\n\t\t\t\t<div class=\"elementor-post__excerpt\">\n\t\t\t<p>Comment choisir le panier de courses id\u00e9al&nbsp;: ce qu\u2019il faut prendre en compte avant d\u2019acheter Lorsque vous choisissez un panier<\/p>\n\t\t<\/div>\n\t\t\t\t<\/div>\n\t\t\t\t<\/article>\n\t\t\t\t<article class=\"elementor-post elementor-grid-item post-4339 post type-post status-publish format-standard has-post-thumbnail hentry category-blog-strolee tag-aide-magasin-stable tag-strolee\" role=\"listitem\">\n\t\t\t\t<a class=\"elementor-post__thumbnail__link\" href=\"https:\/\/stroleecarts.eu\/fr\/pourquoi-le-chariot-de-courses-strolee-stability-est-il-different\/\" tabindex=\"-1\" >\n\t\t\t<div class=\"elementor-post__thumbnail\"><img loading=\"lazy\" decoding=\"async\" width=\"1200\" height=\"742\" src=\"https:\/\/stroleecarts.eu\/wp-content\/uploads\/2023\/04\/001-Stability-Shopper-Is-Different.webp\" class=\"attachment-full size-full wp-image-7208\" alt=\"Strolee Blog - Stability Shopper is Better\" srcset=\"https:\/\/stroleecarts.eu\/wp-content\/uploads\/2023\/04\/001-Stability-Shopper-Is-Different.webp 1200w, https:\/\/stroleecarts.eu\/wp-content\/uploads\/2023\/04\/001-Stability-Shopper-Is-Different-150x93.webp 150w, https:\/\/stroleecarts.eu\/wp-content\/uploads\/2023\/04\/001-Stability-Shopper-Is-Different-300x186.webp 300w, https:\/\/stroleecarts.eu\/wp-content\/uploads\/2023\/04\/001-Stability-Shopper-Is-Different-1024x633.webp 1024w, https:\/\/stroleecarts.eu\/wp-content\/uploads\/2023\/04\/001-Stability-Shopper-Is-Different-768x475.webp 768w\" sizes=\"auto, (max-width: 1200px) 100vw, 1200px\" \/><\/div>\n\t\t<\/a>\n\t\t\t\t<div class=\"elementor-post__text\">\n\t\t\t\t<h2 class=\"elementor-post__title\">\n\t\t\t<a href=\"https:\/\/stroleecarts.eu\/fr\/pourquoi-le-chariot-de-courses-strolee-stability-est-il-different\/\" >\n\t\t\t\tPourquoi le chariot de courses Strolee Stability est-il diff\u00e9rent&nbsp;?\t\t\t<\/a>\n\t\t<\/h2>\n\t\t\t\t<div class=\"elementor-post__meta-data\">\n\t\t\t\t\t<span class=\"elementor-post-date\">\n\t\t\tavril 25, 2023\t\t<\/span>\n\t\t\t\t<\/div>\n\t\t\t\t<div class=\"elementor-post__excerpt\">\n\t\t\t<p>Pourquoi le chariot de courses Strolee Stability est diff\u00e9rent&nbsp;: conception, stabilit\u00e9, l\u00e9g\u00e8ret\u00e9 et fonctionnalit\u00e9 au quotidien Le chariot Strolee Stability<\/p>\n\t\t<\/div>\n\t\t\t\t<\/div>\n\t\t\t\t<\/article>\n\t\t\t\t<\/div>\n\t\t\n\t\t\t\t\t\t<\/div>\n\t\t\t\t<\/div>\n\t\t\t\t<\/div>\n\t\t\t\t\t<\/div>\n\t\t\t\t<\/div>\n\t\t\t\t<\/div>\n\t\t","protected":false},"excerpt":{"rendered":"<p>Blog Strolee Actualit\u00e9s et conseils utiles pour la vie quotidienne<\/p>\n","protected":false},"author":6,"featured_media":0,"parent":0,"menu_order":0,"comment_status":"closed","ping_status":"closed","template":"","meta":{"content-type":"","footnotes":""},"class_list":["post-7366","page","type-page","status-publish","hentry"],"yoast_head":"<!-- This site is optimized with the Yoast SEO plugin v27.5 - https:\/\/yoast.com\/product\/yoast-seo-wordpress\/ -->\n<title>Blog Strolee \u2013 Mobilit\u00e9, conseils d\u2019achat et style de vie animalier<\/title>\n<meta name=\"description\" content=\"Lisez des articles d\u2019experts sur la mobilit\u00e9, les soins aux animaux et les conseils d\u2019achat\u00a0: restez inform\u00e9 gr\u00e2ce au blog Strolee.\" \/>\n<meta name=\"robots\" content=\"index, follow, max-snippet:-1, max-image-preview:large, max-video-preview:-1\" \/>\n<link rel=\"canonical\" href=\"https:\/\/stroleecarts.eu\/fr\/blog-strolee\/\" \/>\n<meta property=\"og:locale\" content=\"fr_FR\" \/>\n<meta property=\"og:type\" content=\"article\" \/>\n<meta property=\"og:title\" content=\"Blog Strolee \u2013 Mobilit\u00e9, conseils d\u2019achat et style de vie animalier\" \/>\n<meta property=\"og:description\" content=\"Lisez des articles d\u2019experts sur la mobilit\u00e9, les soins aux animaux et les conseils d\u2019achat\u00a0: restez inform\u00e9 gr\u00e2ce au blog Strolee.\" \/>\n<meta property=\"og:url\" content=\"https:\/\/stroleecarts.eu\/fr\/blog-strolee\/\" \/>\n<meta property=\"og:site_name\" content=\"Strolee Carts Europe\" \/>\n<meta property=\"article:modified_time\" content=\"2026-05-05T20:49:35+00:00\" \/>\n<meta name=\"twitter:card\" content=\"summary_large_image\" \/>\n<script type=\"application\/ld+json\" class=\"yoast-schema-graph\">{\"@context\":\"https:\\\/\\\/schema.org\",\"@graph\":[{\"@type\":\"WebPage\",\"@id\":\"https:\\\/\\\/stroleecarts.eu\\\/fr\\\/blog-strolee\\\/\",\"url\":\"https:\\\/\\\/stroleecarts.eu\\\/fr\\\/blog-strolee\\\/\",\"name\":\"Blog Strolee \u2013 Mobilit\u00e9, conseils d\u2019achat et style de vie animalier\",\"isPartOf\":{\"@id\":\"https:\\\/\\\/stroleecarts.eu\\\/fr\\\/#website\"},\"datePublished\":\"2026-05-02T14:10:26+00:00\",\"dateModified\":\"2026-05-05T20:49:35+00:00\",\"description\":\"Lisez des articles d\u2019experts sur la mobilit\u00e9, les soins aux animaux et les conseils d\u2019achat\u00a0: restez inform\u00e9 gr\u00e2ce au blog Strolee.\",\"breadcrumb\":{\"@id\":\"https:\\\/\\\/stroleecarts.eu\\\/fr\\\/blog-strolee\\\/#breadcrumb\"},\"inLanguage\":\"fr-FR\",\"potentialAction\":[{\"@type\":\"ReadAction\",\"target\":[\"https:\\\/\\\/stroleecarts.eu\\\/fr\\\/blog-strolee\\\/\"]}]},{\"@type\":\"BreadcrumbList\",\"@id\":\"https:\\\/\\\/stroleecarts.eu\\\/fr\\\/blog-strolee\\\/#breadcrumb\",\"itemListElement\":[{\"@type\":\"ListItem\",\"position\":1,\"name\":\"Home\",\"item\":\"https:\\\/\\\/stroleecarts.eu\\\/fr\\\/boutique-2\\\/\"},{\"@type\":\"ListItem\",\"position\":2,\"name\":\"Blog Strolee\"}]},{\"@type\":\"WebSite\",\"@id\":\"https:\\\/\\\/stroleecarts.eu\\\/fr\\\/#website\",\"url\":\"https:\\\/\\\/stroleecarts.eu\\\/fr\\\/\",\"name\":\"Strolee Carts Europe\",\"description\":\"Innovate Mobility\",\"potentialAction\":[{\"@type\":\"SearchAction\",\"target\":{\"@type\":\"EntryPoint\",\"urlTemplate\":\"https:\\\/\\\/stroleecarts.eu\\\/fr\\\/?s={search_term_string}\"},\"query-input\":{\"@type\":\"PropertyValueSpecification\",\"valueRequired\":true,\"valueName\":\"search_term_string\"}}],\"inLanguage\":\"fr-FR\"}]}<\/script>\n<!-- \/ Yoast SEO plugin. -->","yoast_head_json":{"title":"Blog Strolee \u2013 Mobilit\u00e9, conseils d\u2019achat et style de vie animalier","description":"Lisez des articles d\u2019experts sur la mobilit\u00e9, les soins aux animaux et les conseils d\u2019achat\u00a0: restez inform\u00e9 gr\u00e2ce au blog Strolee.","robots":{"index":"index","follow":"follow","max-snippet":"max-snippet:-1","max-image-preview":"max-image-preview:large","max-video-preview":"max-video-preview:-1"},"canonical":"https:\/\/stroleecarts.eu\/fr\/blog-strolee\/","og_locale":"fr_FR","og_type":"article","og_title":"Blog Strolee \u2013 Mobilit\u00e9, conseils d\u2019achat et style de vie animalier","og_description":"Lisez des articles d\u2019experts sur la mobilit\u00e9, les soins aux animaux et les conseils d\u2019achat\u00a0: restez inform\u00e9 gr\u00e2ce au blog Strolee.","og_url":"https:\/\/stroleecarts.eu\/fr\/blog-strolee\/","og_site_name":"Strolee Carts Europe","article_modified_time":"2026-05-05T20:49:35+00:00","twitter_card":"summary_large_image","schema":{"@context":"https:\/\/schema.org","@graph":[{"@type":"WebPage","@id":"https:\/\/stroleecarts.eu\/fr\/blog-strolee\/","url":"https:\/\/stroleecarts.eu\/fr\/blog-strolee\/","name":"Blog Strolee \u2013 Mobilit\u00e9, conseils d\u2019achat et style de vie animalier","isPartOf":{"@id":"https:\/\/stroleecarts.eu\/fr\/#website"},"datePublished":"2026-05-02T14:10:26+00:00","dateModified":"2026-05-05T20:49:35+00:00","description":"Lisez des articles d\u2019experts sur la mobilit\u00e9, les soins aux animaux et les conseils d\u2019achat\u00a0: restez inform\u00e9 gr\u00e2ce au blog Strolee.","breadcrumb":{"@id":"https:\/\/stroleecarts.eu\/fr\/blog-strolee\/#breadcrumb"},"inLanguage":"fr-FR","potentialAction":[{"@type":"ReadAction","target":["https:\/\/stroleecarts.eu\/fr\/blog-strolee\/"]}]},{"@type":"BreadcrumbList","@id":"https:\/\/stroleecarts.eu\/fr\/blog-strolee\/#breadcrumb","itemListElement":[{"@type":"ListItem","position":1,"name":"Home","item":"https:\/\/stroleecarts.eu\/fr\/boutique-2\/"},{"@type":"ListItem","position":2,"name":"Blog Strolee"}]},{"@type":"WebSite","@id":"https:\/\/stroleecarts.eu\/fr\/#website","url":"https:\/\/stroleecarts.eu\/fr\/","name":"Strolee Carts Europe","description":"Innovate Mobility","potentialAction":[{"@type":"SearchAction","target":{"@type":"EntryPoint","urlTemplate":"https:\/\/stroleecarts.eu\/fr\/?s={search_term_string}"},"query-input":{"@type":"PropertyValueSpecification","valueRequired":true,"valueName":"search_term_string"}}],"inLanguage":"fr-FR"}]}},"_links":{"self":[{"href":"https:\/\/stroleecarts.eu\/fr\/wp-json\/wp\/v2\/pages\/7366","targetHints":{"allow":["GET"]}}],"collection":[{"href":"https:\/\/stroleecarts.eu\/fr\/wp-json\/wp\/v2\/pages"}],"about":[{"href":"https:\/\/stroleecarts.eu\/fr\/wp-json\/wp\/v2\/types\/page"}],"author":[{"embeddable":true,"href":"https:\/\/stroleecarts.eu\/fr\/wp-json\/wp\/v2\/users\/6"}],"replies":[{"embeddable":true,"href":"https:\/\/stroleecarts.eu\/fr\/wp-json\/wp\/v2\/comments?post=7366"}],"version-history":[{"count":1,"href":"https:\/\/stroleecarts.eu\/fr\/wp-json\/wp\/v2\/pages\/7366\/revisions"}],"predecessor-version":[{"id":7367,"href":"https:\/\/stroleecarts.eu\/fr\/wp-json\/wp\/v2\/pages\/7366\/revisions\/7367"}],"wp:attachment":[{"href":"https:\/\/stroleecarts.eu\/fr\/wp-json\/wp\/v2\/media?parent=7366"}],"curies":[{"name":"wp","href":"https:\/\/api.w.org\/{rel}","templated":true}]}}