{"id":4243,"date":"2025-11-19T14:58:24","date_gmt":"2025-11-19T14:58:24","guid":{"rendered":"https:\/\/stroleecarts.eu\/politica-de-reembolso\/"},"modified":"2026-01-22T14:57:11","modified_gmt":"2026-01-22T14:57:11","slug":"politica-de-reembolso","status":"publish","type":"page","link":"https:\/\/stroleecarts.eu\/pt-pt\/politica-de-reembolso\/","title":{"rendered":"Pol\u00edtica de Reembolso"},"content":{"rendered":"\t\t<div data-elementor-type=\"wp-page\" data-elementor-id=\"4243\" class=\"elementor elementor-4243 elementor-2638\" data-elementor-post-type=\"page\">\n\t\t\t\t<div class=\"wd-negative-gap elementor-element elementor-element-2202dd8 wd-section-stretch e-flex e-con-boxed e-con e-parent\" data-id=\"2202dd8\" data-element_type=\"container\" data-e-type=\"container\" data-settings=\"{&quot;background_background&quot;:&quot;slideshow&quot;,&quot;background_slideshow_gallery&quot;:[{&quot;id&quot;:4077,&quot;url&quot;:&quot;https:\\\/\\\/stroleecarts.eu\\\/wp-content\\\/uploads\\\/2025\\\/11\\\/1strolee_pet_cart.webp&quot;}],&quot;background_slideshow_loop&quot;:&quot;yes&quot;,&quot;background_slideshow_slide_duration&quot;:5000,&quot;background_slideshow_slide_transition&quot;:&quot;fade&quot;,&quot;background_slideshow_transition_duration&quot;:500}\">\n\t\t\t\t\t<div class=\"e-con-inner\">\n\t\t\t\t<div class=\"elementor-element elementor-element-e14c886 wd-width-100 elementor-widget elementor-widget-wd_title\" data-id=\"e14c886\" data-element_type=\"widget\" data-e-type=\"widget\" data-widget_type=\"wd_title.default\">\n\t\t\t\t<div class=\"elementor-widget-container\">\n\t\t\t\t\t\t\t<div class=\"title-wrapper wd-set-mb reset-last-child wd-title-color-default wd-title-style-default wd-title-size-large text-center\">\n\n\t\t\t\n\t\t\t<div class=\"liner-continer\">\n\t\t\t\t<h4 class=\"woodmart-title-container title wd-fontsize-xxl\">Pol\u00edtica de Reembolso e Devolu\u00e7\u00e3o<\/h4> \n\t\t\t\t\t\t\t<\/div>\n\n\t\t\t\t\t<\/div>\n\t\t\t\t\t\t<\/div>\n\t\t\t\t<\/div>\n\t\t\t\t\t<\/div>\n\t\t\t\t<\/div>\n\t\t<div class=\"elementor-element elementor-element-663a0ff animated-slow e-flex e-con-boxed elementor-invisible e-con e-parent\" data-id=\"663a0ff\" data-element_type=\"container\" data-e-type=\"container\" data-settings=\"{&quot;animation&quot;:&quot;fadeIn&quot;}\">\n\t\t\t\t\t<div class=\"e-con-inner\">\n\t\t\t\t<div class=\"elementor-element elementor-element-85d68a2 wd-width-100 elementor-widget elementor-widget-wd_title\" data-id=\"85d68a2\" data-element_type=\"widget\" data-e-type=\"widget\" data-widget_type=\"wd_title.default\">\n\t\t\t\t<div class=\"elementor-widget-container\">\n\t\t\t\t\t\t\t<div class=\"title-wrapper wd-set-mb reset-last-child wd-title-color-default wd-title-style-default wd-title-size-large text-center\">\n\n\t\t\t\n\t\t\t<div class=\"liner-continer\">\n\t\t\t\t<h2 class=\"woodmart-title-container title wd-fontsize-xxl\">O Nosso Reembolso<\/h2> \n\t\t\t\t\t\t\t<\/div>\n\n\t\t\t\t\t<\/div>\n\t\t\t\t\t\t<\/div>\n\t\t\t\t<\/div>\n\t\t\t\t<div class=\"elementor-element elementor-element-46eb0d4 color-scheme-inherit text-left elementor-widget elementor-widget-text-editor\" data-id=\"46eb0d4\" data-element_type=\"widget\" data-e-type=\"widget\" data-widget_type=\"text-editor.default\">\n\t\t\t\t\t\t\t\t\t<p>Na Strolee, estamos t\u00e3o confiantes de que vai adorar o nosso produto! <strong>Aceitamos devolu\u00e7\u00f5es at\u00e9 30 dias<\/strong> ap\u00f3s a compra, desde que o artigo seja <strong>testado apenas no interior<\/strong> e esteja <strong>novo<\/strong>, <strong>em condi\u00e7\u00f5es de revenda, com todas as embalagens, etiquetas e informa\u00e7\u00f5es de seguran\u00e7a originais intactas<\/strong>.<\/p><p>Se tivermos de reparar o produto ao reabastecer o stock, poderemos ter de lhe cobrar uma taxa de reabastecimento. Alguns exemplos de artigos repar\u00e1veis podem incluir rodas usadas\/danificadas. <strong>Caso recebamos um carrinho com componentes sujos, manchados ou n\u00e3o repar\u00e1veis, o produto poder\u00e1 n\u00e3o ser eleg\u00edvel para reembolso<\/strong>. O servi\u00e7o de apoio ao cliente pode coordenar a devolu\u00e7\u00e3o de artigos n\u00e3o reembols\u00e1veis.   <\/p><p>Na maioria dos casos, tentaremos enviar-lhe um produto de substitui\u00e7\u00e3o adequado antes de emitir um reembolso.<\/p><p>O reembolso \u00e9 efetuado atrav\u00e9s do mesmo m\u00e9todo de pagamento utilizado pelo cliente no momento da compra ou atrav\u00e9s de outro m\u00e9todo mais conveniente ap\u00f3s a boa rece\u00e7\u00e3o do artigo devolvido, num prazo m\u00e1ximo de 30 dias.<\/p><p>Os custos das taxas de transa\u00e7\u00e3o banc\u00e1ria n\u00e3o ser\u00e3o reembolsados. Estes custos correspondem a: 4% em cart\u00f5es de cr\u00e9dito internacionais, 4% em transa\u00e7\u00f5es Multibanco e MBWay em Portugal e transfer\u00eancia banc\u00e1ria nacional ou internacional, dependendo do banco envolvido. <\/p>\t\t\t\t\t\t\t\t<\/div>\n\t\t\t\t\t<\/div>\n\t\t\t\t<\/div>\n\t\t<div class=\"elementor-element elementor-element-f27c6e2 animated-slow e-flex e-con-boxed elementor-invisible e-con e-parent\" data-id=\"f27c6e2\" data-element_type=\"container\" data-e-type=\"container\" data-settings=\"{&quot;animation&quot;:&quot;fadeIn&quot;}\">\n\t\t\t\t\t<div class=\"e-con-inner\">\n\t\t\t\t<div class=\"elementor-element elementor-element-8b1ec32 wd-width-100 elementor-widget elementor-widget-wd_title\" data-id=\"8b1ec32\" data-element_type=\"widget\" data-e-type=\"widget\" data-widget_type=\"wd_title.default\">\n\t\t\t\t<div class=\"elementor-widget-container\">\n\t\t\t\t\t\t\t<div class=\"title-wrapper wd-set-mb reset-last-child wd-title-color-default wd-title-style-default wd-title-size-large text-center\">\n\n\t\t\t\n\t\t\t<div class=\"liner-continer\">\n\t\t\t\t<h2 class=\"woodmart-title-container title wd-fontsize-xxl\">Artigos n\u00e3o reembols\u00e1veis<\/h2> \n\t\t\t\t\t\t\t<\/div>\n\n\t\t\t\t\t<\/div>\n\t\t\t\t\t\t<\/div>\n\t\t\t\t<\/div>\n\t\t\t\t<div class=\"elementor-element elementor-element-bd668f8 color-scheme-inherit text-left elementor-widget elementor-widget-text-editor\" data-id=\"bd668f8\" data-element_type=\"widget\" data-e-type=\"widget\" data-widget_type=\"text-editor.default\">\n\t\t\t\t\t\t\t\t\t<p>Determinados artigos podem n\u00e3o ser reembols\u00e1veis, incluindo, entre outros, os custos de envio originais, artigos personalizados, artigos em saldo final ou artigos que fa\u00e7am parte de promo\u00e7\u00f5es especiais.<\/p><p>As encomendas que beneficiam de envio gratuito e as encomendas que s\u00e3o devolvidas por motivos alheios ao controlo da Strolee podem ter o reembolso reduzido pelas taxas de envio efetivas incorridas. <\/p>\t\t\t\t\t\t\t\t<\/div>\n\t\t\t\t\t<\/div>\n\t\t\t\t<\/div>\n\t\t<div class=\"elementor-element elementor-element-ae4b9a2 animated-slow e-flex e-con-boxed elementor-invisible e-con e-parent\" data-id=\"ae4b9a2\" data-element_type=\"container\" data-e-type=\"container\" data-settings=\"{&quot;animation&quot;:&quot;fadeIn&quot;}\">\n\t\t\t\t\t<div class=\"e-con-inner\">\n\t\t<div class=\"elementor-element elementor-element-7bcc19d e-con-full e-flex e-con e-child\" data-id=\"7bcc19d\" data-element_type=\"container\" data-e-type=\"container\">\n\t\t\t\t<div class=\"elementor-element elementor-element-5137090 wd-width-100 elementor-widget elementor-widget-wd_title\" data-id=\"5137090\" data-element_type=\"widget\" data-e-type=\"widget\" data-widget_type=\"wd_title.default\">\n\t\t\t\t<div class=\"elementor-widget-container\">\n\t\t\t\t\t\t\t<div class=\"title-wrapper wd-set-mb reset-last-child wd-title-color-default wd-title-style-default wd-title-size-large text-center\">\n\n\t\t\t\n\t\t\t<div class=\"liner-continer\">\n\t\t\t\t<h4 class=\"woodmart-title-container title wd-fontsize-xxl\">Tens alguma quest\u00e3o?<\/h4> \n\t\t\t\t\t\t\t<\/div>\n\n\t\t\t\t\t<\/div>\n\t\t\t\t\t\t<\/div>\n\t\t\t\t<\/div>\n\t\t\t\t<\/div>\n\t\t<div class=\"elementor-element elementor-element-5e4174e e-con-full e-flex e-con e-child\" data-id=\"5e4174e\" data-element_type=\"container\" data-e-type=\"container\">\n\t\t\t\t<div class=\"elementor-element elementor-element-4aa7568 color-scheme-inherit text-left elementor-widget elementor-widget-text-editor\" data-id=\"4aa7568\" data-element_type=\"widget\" data-e-type=\"widget\" data-widget_type=\"text-editor.default\">\n\t\t\t\t\t\t\t\t\t<p>Se tiver alguma d\u00favida sobre devolu\u00e7\u00e3o ou reembolso, contacte-nos:<\/p>\t\t\t\t\t\t\t\t<\/div>\n\t\t\t\t<\/div>\n\t\t<div class=\"elementor-element elementor-element-d886df9 e-con-full e-flex e-con e-child\" data-id=\"d886df9\" data-element_type=\"container\" data-e-type=\"container\">\n\t\t\t\t<div class=\"elementor-element elementor-element-6b67cdf elementor-button-align-stretch elementor-widget elementor-widget-form\" data-id=\"6b67cdf\" data-element_type=\"widget\" data-e-type=\"widget\" data-settings=\"{&quot;step_next_label&quot;:&quot;Seguinte&quot;,&quot;step_previous_label&quot;:&quot;Anterior&quot;,&quot;button_width&quot;:&quot;100&quot;,&quot;step_type&quot;:&quot;number_text&quot;,&quot;step_icon_shape&quot;:&quot;circle&quot;}\" data-widget_type=\"form.default\">\n\t\t\t\t\t\t\t<form class=\"elementor-form\" method=\"post\" id=\"connectstrolee\" name=\"connectstrolee\" aria-label=\"connectstrolee\">\n\t\t\t<input type=\"hidden\" name=\"post_id\" value=\"4243\"\/>\n\t\t\t<input type=\"hidden\" name=\"form_id\" value=\"6b67cdf\"\/>\n\t\t\t<input type=\"hidden\" name=\"referer_title\" value=\"Pol\u00edtica de Reembolso da Strolee \u2013 Termos de Devolu\u00e7\u00e3o e Reembolso\" \/>\n\n\t\t\t\t\t\t\t<input type=\"hidden\" name=\"queried_id\" value=\"4243\"\/>\n\t\t\t\n\t\t\t<div class=\"elementor-form-fields-wrapper elementor-labels-\">\n\t\t\t\t\t\t\t\t<div class=\"elementor-field-type-text elementor-field-group elementor-column elementor-field-group-name elementor-col-100 elementor-field-required\">\n\t\t\t\t\t\t\t\t\t\t\t\t<label for=\"form-field-name\" class=\"elementor-field-label elementor-screen-only\">\n\t\t\t\t\t\t\t\tNome\t\t\t\t\t\t\t<\/label>\n\t\t\t\t\t\t\t\t\t\t\t\t\t\t<input size=\"1\" type=\"text\" name=\"form_fields[name]\" id=\"form-field-name\" class=\"elementor-field elementor-size-lg  elementor-field-textual\" placeholder=\"Nome\" required=\"required\">\n\t\t\t\t\t\t\t\t\t\t\t<\/div>\n\t\t\t\t\t\t\t\t<div class=\"elementor-field-type-email elementor-field-group elementor-column elementor-field-group-email elementor-col-100 elementor-field-required\">\n\t\t\t\t\t\t\t\t\t\t\t\t<label for=\"form-field-email\" class=\"elementor-field-label elementor-screen-only\">\n\t\t\t\t\t\t\t\tE-mail\t\t\t\t\t\t\t<\/label>\n\t\t\t\t\t\t\t\t\t\t\t\t\t\t<input size=\"1\" type=\"email\" name=\"form_fields[email]\" id=\"form-field-email\" class=\"elementor-field elementor-size-lg  elementor-field-textual\" placeholder=\"E-mail\" required=\"required\">\n\t\t\t\t\t\t\t\t\t\t\t<\/div>\n\t\t\t\t\t\t\t\t<div class=\"elementor-field-type-text elementor-field-group elementor-column elementor-field-group-ordernumber elementor-col-100 elementor-field-required\">\n\t\t\t\t\t\t\t\t\t\t\t\t<label for=\"form-field-ordernumber\" class=\"elementor-field-label elementor-screen-only\">\n\t\t\t\t\t\t\t\tN\u00famero da Encomenda\t\t\t\t\t\t\t<\/label>\n\t\t\t\t\t\t\t\t\t\t\t\t\t\t<input size=\"1\" type=\"text\" name=\"form_fields[ordernumber]\" id=\"form-field-ordernumber\" class=\"elementor-field elementor-size-lg  elementor-field-textual\" placeholder=\"N\u00famero da Encomenda\" required=\"required\">\n\t\t\t\t\t\t\t\t\t\t\t<\/div>\n\t\t\t\t\t\t\t\t<div class=\"elementor-field-type-textarea elementor-field-group elementor-column elementor-field-group-message elementor-col-100 elementor-field-required\">\n\t\t\t\t\t\t\t\t\t\t\t\t<label for=\"form-field-message\" class=\"elementor-field-label elementor-screen-only\">\n\t\t\t\t\t\t\t\tMensagem\t\t\t\t\t\t\t<\/label>\n\t\t\t\t\t\t<textarea class=\"elementor-field-textual elementor-field  elementor-size-lg\" name=\"form_fields[message]\" id=\"form-field-message\" rows=\"4\" placeholder=\"Mensagem\" required=\"required\"><\/textarea>\t\t\t\t<\/div>\n\t\t\t\t\t\t\t\t<div class=\"elementor-field-type-acceptance elementor-field-group elementor-column elementor-field-group-acceptance elementor-col-100 elementor-field-required\">\n\t\t\t\t\t\t\t\t\t\t\t\t<label for=\"form-field-acceptance\" class=\"elementor-field-label elementor-screen-only\">\n\t\t\t\t\t\t\t\tAceita\u00e7\u00e3o\t\t\t\t\t\t\t<\/label>\n\t\t\t\t\t\t\t\t<div class=\"elementor-field-subgroup\">\n\t\t\t<span class=\"elementor-field-option\">\n\t\t\t\t<input type=\"checkbox\" name=\"form_fields[acceptance]\" id=\"form-field-acceptance\" class=\"elementor-field elementor-size-lg  elementor-acceptance-field\" required=\"required\">\n\t\t\t\t<label for=\"form-field-acceptance\">Concordo com a utiliza\u00e7\u00e3o dos meus dados pessoais para efeitos de resposta ao meu pedido.<\/label>\t\t\t<\/span>\n\t\t<\/div>\n\t\t\t\t\t\t<\/div>\n\t\t\t\t\t\t\t\t<div class=\"elementor-field-type-recaptcha_v3 elementor-field-group elementor-column elementor-field-group-field_98af6a4 elementor-col-100 recaptcha_v3-bottomleft\">\n\t\t\t\t\t<div class=\"elementor-field\" id=\"form-field-field_98af6a4\"><div class=\"elementor-g-recaptcha\" data-sitekey=\"6Ldb-hgsAAAAAL-71_xxuPU636LVh9i7lSf7v9ct\" data-type=\"v3\" data-action=\"Form\" data-badge=\"bottomleft\" data-size=\"invisible\"><\/div><\/div>\t\t\t\t<\/div>\n\t\t\t\t\t\t\t\t<div class=\"elementor-field-group elementor-column elementor-field-type-submit elementor-col-100 e-form__buttons\">\n\t\t\t\t\t<button class=\"elementor-button elementor-size-lg\" type=\"submit\">\n\t\t\t\t\t\t<span class=\"elementor-button-content-wrapper\">\n\t\t\t\t\t\t\t\t\t\t\t\t\t\t\t\t\t\t\t\t\t\t<span class=\"elementor-button-text\">Enviar<\/span>\n\t\t\t\t\t\t\t\t\t\t\t\t\t<\/span>\n\t\t\t\t\t<\/button>\n\t\t\t\t<\/div>\n\t\t\t<\/div>\n\t\t<\/form>\n\t\t\t\t\t\t<\/div>\n\t\t\t\t<\/div>\n\t\t\t\t\t<\/div>\n\t\t\t\t<\/div>\n\t\t\t\t<\/div>\n\t\t","protected":false},"excerpt":{"rendered":"<p>Pol\u00edtica de Reembolso e Devolu\u00e7\u00e3o O Nosso Reembolso Na Strolee, estamos t\u00e3o confiantes de que vai adorar o nosso produto!<\/p>\n","protected":false},"author":6,"featured_media":0,"parent":0,"menu_order":0,"comment_status":"closed","ping_status":"closed","template":"elementor_header_footer","meta":{"footnotes":""},"class_list":["post-4243","page","type-page","status-publish","hentry"],"yoast_head":"<!-- This site is optimized with the Yoast SEO plugin v27.3 - https:\/\/yoast.com\/product\/yoast-seo-wordpress\/ -->\n<title>Pol\u00edtica de Reembolso da Strolee \u2013 Termos de Devolu\u00e7\u00e3o e Reembolso<\/title>\n<meta name=\"description\" content=\"Leia a pol\u00edtica de reembolso e as condi\u00e7\u00f5es de devolu\u00e7\u00e3o da Strolee \u2014 saiba como solicitar devolu\u00e7\u00f5es ou reembolsos do seu carrinho ou carrinho de beb\u00e9 para animais de estima\u00e7\u00e3o. Consulte os crit\u00e9rios de elegibilidade e os detalhes do processo.\" \/>\n<meta name=\"robots\" content=\"index, follow, max-snippet:-1, max-image-preview:large, max-video-preview:-1\" \/>\n<link rel=\"canonical\" href=\"https:\/\/stroleecarts.eu\/pt-pt\/politica-de-reembolso\/\" \/>\n<meta property=\"og:locale\" content=\"pt_PT\" \/>\n<meta property=\"og:type\" content=\"article\" \/>\n<meta property=\"og:title\" content=\"Pol\u00edtica de Reembolso da Strolee \u2013 Termos de Devolu\u00e7\u00e3o e Reembolso\" \/>\n<meta property=\"og:description\" content=\"Leia a pol\u00edtica de reembolso e as condi\u00e7\u00f5es de devolu\u00e7\u00e3o da Strolee \u2014 saiba como solicitar devolu\u00e7\u00f5es ou reembolsos do seu carrinho ou carrinho de beb\u00e9 para animais de estima\u00e7\u00e3o. Consulte os crit\u00e9rios de elegibilidade e os detalhes do processo.\" \/>\n<meta property=\"og:url\" content=\"https:\/\/stroleecarts.eu\/pt-pt\/politica-de-reembolso\/\" \/>\n<meta property=\"og:site_name\" content=\"Strolee Carts Europe\" \/>\n<meta property=\"article:modified_time\" content=\"2026-01-22T14:57:11+00:00\" \/>\n<meta name=\"twitter:card\" content=\"summary_large_image\" \/>\n<meta name=\"twitter:label1\" content=\"Tempo estimado de leitura\" \/>\n\t<meta name=\"twitter:data1\" content=\"2 minutos\" \/>\n<script type=\"application\/ld+json\" class=\"yoast-schema-graph\">{\"@context\":\"https:\\\/\\\/schema.org\",\"@graph\":[{\"@type\":\"WebPage\",\"@id\":\"https:\\\/\\\/stroleecarts.eu\\\/pt-pt\\\/politica-de-reembolso\\\/\",\"url\":\"https:\\\/\\\/stroleecarts.eu\\\/pt-pt\\\/politica-de-reembolso\\\/\",\"name\":\"Pol\u00edtica de Reembolso da Strolee \u2013 Termos de Devolu\u00e7\u00e3o e Reembolso\",\"isPartOf\":{\"@id\":\"https:\\\/\\\/stroleecarts.eu\\\/pt-pt\\\/#website\"},\"datePublished\":\"2025-11-19T14:58:24+00:00\",\"dateModified\":\"2026-01-22T14:57:11+00:00\",\"description\":\"Leia a pol\u00edtica de reembolso e as condi\u00e7\u00f5es de devolu\u00e7\u00e3o da Strolee \u2014 saiba como solicitar devolu\u00e7\u00f5es ou reembolsos do seu carrinho ou carrinho de beb\u00e9 para animais de estima\u00e7\u00e3o. Consulte os crit\u00e9rios de elegibilidade e os detalhes do processo.\",\"breadcrumb\":{\"@id\":\"https:\\\/\\\/stroleecarts.eu\\\/pt-pt\\\/politica-de-reembolso\\\/#breadcrumb\"},\"inLanguage\":\"pt-PT\",\"potentialAction\":[{\"@type\":\"ReadAction\",\"target\":[\"https:\\\/\\\/stroleecarts.eu\\\/pt-pt\\\/politica-de-reembolso\\\/\"]}]},{\"@type\":\"BreadcrumbList\",\"@id\":\"https:\\\/\\\/stroleecarts.eu\\\/pt-pt\\\/politica-de-reembolso\\\/#breadcrumb\",\"itemListElement\":[{\"@type\":\"ListItem\",\"position\":1,\"name\":\"Home\",\"item\":\"https:\\\/\\\/stroleecarts.eu\\\/pt-pt\\\/strolee-carts-europa\\\/\"},{\"@type\":\"ListItem\",\"position\":2,\"name\":\"Pol\u00edtica de Reembolso\"}]},{\"@type\":\"WebSite\",\"@id\":\"https:\\\/\\\/stroleecarts.eu\\\/pt-pt\\\/#website\",\"url\":\"https:\\\/\\\/stroleecarts.eu\\\/pt-pt\\\/\",\"name\":\"Strolee Carts Europe\",\"description\":\"Innovate Mobility\",\"potentialAction\":[{\"@type\":\"SearchAction\",\"target\":{\"@type\":\"EntryPoint\",\"urlTemplate\":\"https:\\\/\\\/stroleecarts.eu\\\/pt-pt\\\/?s={search_term_string}\"},\"query-input\":{\"@type\":\"PropertyValueSpecification\",\"valueRequired\":true,\"valueName\":\"search_term_string\"}}],\"inLanguage\":\"pt-PT\"}]}<\/script>\n<!-- \/ Yoast SEO plugin. -->","yoast_head_json":{"title":"Pol\u00edtica de Reembolso da Strolee \u2013 Termos de Devolu\u00e7\u00e3o e Reembolso","description":"Leia a pol\u00edtica de reembolso e as condi\u00e7\u00f5es de devolu\u00e7\u00e3o da Strolee \u2014 saiba como solicitar devolu\u00e7\u00f5es ou reembolsos do seu carrinho ou carrinho de beb\u00e9 para animais de estima\u00e7\u00e3o. Consulte os crit\u00e9rios de elegibilidade e os detalhes do processo.","robots":{"index":"index","follow":"follow","max-snippet":"max-snippet:-1","max-image-preview":"max-image-preview:large","max-video-preview":"max-video-preview:-1"},"canonical":"https:\/\/stroleecarts.eu\/pt-pt\/politica-de-reembolso\/","og_locale":"pt_PT","og_type":"article","og_title":"Pol\u00edtica de Reembolso da Strolee \u2013 Termos de Devolu\u00e7\u00e3o e Reembolso","og_description":"Leia a pol\u00edtica de reembolso e as condi\u00e7\u00f5es de devolu\u00e7\u00e3o da Strolee \u2014 saiba como solicitar devolu\u00e7\u00f5es ou reembolsos do seu carrinho ou carrinho de beb\u00e9 para animais de estima\u00e7\u00e3o. Consulte os crit\u00e9rios de elegibilidade e os detalhes do processo.","og_url":"https:\/\/stroleecarts.eu\/pt-pt\/politica-de-reembolso\/","og_site_name":"Strolee Carts Europe","article_modified_time":"2026-01-22T14:57:11+00:00","twitter_card":"summary_large_image","twitter_misc":{"Tempo estimado de leitura":"2 minutos"},"schema":{"@context":"https:\/\/schema.org","@graph":[{"@type":"WebPage","@id":"https:\/\/stroleecarts.eu\/pt-pt\/politica-de-reembolso\/","url":"https:\/\/stroleecarts.eu\/pt-pt\/politica-de-reembolso\/","name":"Pol\u00edtica de Reembolso da Strolee \u2013 Termos de Devolu\u00e7\u00e3o e Reembolso","isPartOf":{"@id":"https:\/\/stroleecarts.eu\/pt-pt\/#website"},"datePublished":"2025-11-19T14:58:24+00:00","dateModified":"2026-01-22T14:57:11+00:00","description":"Leia a pol\u00edtica de reembolso e as condi\u00e7\u00f5es de devolu\u00e7\u00e3o da Strolee \u2014 saiba como solicitar devolu\u00e7\u00f5es ou reembolsos do seu carrinho ou carrinho de beb\u00e9 para animais de estima\u00e7\u00e3o. Consulte os crit\u00e9rios de elegibilidade e os detalhes do processo.","breadcrumb":{"@id":"https:\/\/stroleecarts.eu\/pt-pt\/politica-de-reembolso\/#breadcrumb"},"inLanguage":"pt-PT","potentialAction":[{"@type":"ReadAction","target":["https:\/\/stroleecarts.eu\/pt-pt\/politica-de-reembolso\/"]}]},{"@type":"BreadcrumbList","@id":"https:\/\/stroleecarts.eu\/pt-pt\/politica-de-reembolso\/#breadcrumb","itemListElement":[{"@type":"ListItem","position":1,"name":"Home","item":"https:\/\/stroleecarts.eu\/pt-pt\/strolee-carts-europa\/"},{"@type":"ListItem","position":2,"name":"Pol\u00edtica de Reembolso"}]},{"@type":"WebSite","@id":"https:\/\/stroleecarts.eu\/pt-pt\/#website","url":"https:\/\/stroleecarts.eu\/pt-pt\/","name":"Strolee Carts Europe","description":"Innovate Mobility","potentialAction":[{"@type":"SearchAction","target":{"@type":"EntryPoint","urlTemplate":"https:\/\/stroleecarts.eu\/pt-pt\/?s={search_term_string}"},"query-input":{"@type":"PropertyValueSpecification","valueRequired":true,"valueName":"search_term_string"}}],"inLanguage":"pt-PT"}]}},"_links":{"self":[{"href":"https:\/\/stroleecarts.eu\/pt-pt\/wp-json\/wp\/v2\/pages\/4243","targetHints":{"allow":["GET"]}}],"collection":[{"href":"https:\/\/stroleecarts.eu\/pt-pt\/wp-json\/wp\/v2\/pages"}],"about":[{"href":"https:\/\/stroleecarts.eu\/pt-pt\/wp-json\/wp\/v2\/types\/page"}],"author":[{"embeddable":true,"href":"https:\/\/stroleecarts.eu\/pt-pt\/wp-json\/wp\/v2\/users\/6"}],"replies":[{"embeddable":true,"href":"https:\/\/stroleecarts.eu\/pt-pt\/wp-json\/wp\/v2\/comments?post=4243"}],"version-history":[{"count":1,"href":"https:\/\/stroleecarts.eu\/pt-pt\/wp-json\/wp\/v2\/pages\/4243\/revisions"}],"predecessor-version":[{"id":4246,"href":"https:\/\/stroleecarts.eu\/pt-pt\/wp-json\/wp\/v2\/pages\/4243\/revisions\/4246"}],"wp:attachment":[{"href":"https:\/\/stroleecarts.eu\/pt-pt\/wp-json\/wp\/v2\/media?parent=4243"}],"curies":[{"name":"wp","href":"https:\/\/api.w.org\/{rel}","templated":true}]}}