{"id":7368,"date":"2026-05-02T14:10:26","date_gmt":"2026-05-02T14:10:26","guid":{"rendered":"https:\/\/stroleecarts.eu\/blogue-strolee\/"},"modified":"2026-05-05T20:49:53","modified_gmt":"2026-05-05T20:49:53","slug":"blogue-strolee","status":"publish","type":"page","link":"https:\/\/stroleecarts.eu\/pt-pt\/blogue-strolee\/","title":{"rendered":"Blogue Strolee"},"content":{"rendered":"\t\t<div data-elementor-type=\"wp-page\" data-elementor-id=\"7368\" class=\"elementor elementor-7368 elementor-7086\" data-elementor-post-type=\"page\">\n\t\t\t\t<div class=\"wd-negative-gap elementor-element elementor-element-ee91ed4 animated-slow e-flex e-con-boxed elementor-invisible e-con e-parent\" data-id=\"ee91ed4\" data-element_type=\"container\" data-e-type=\"container\" data-settings=\"{&quot;animation&quot;:&quot;fadeIn&quot;}\">\n\t\t\t\t\t<div class=\"e-con-inner\">\n\t\t\t\t<div class=\"elementor-element elementor-element-95305ca wd-width-100 elementor-widget elementor-widget-wd_title\" data-id=\"95305ca\" data-element_type=\"widget\" data-e-type=\"widget\" data-widget_type=\"wd_title.default\">\n\t\t\t\t<div class=\"elementor-widget-container\">\n\t\t\t\t\t\t\t<div class=\"title-wrapper wd-set-mb reset-last-child wd-title-color-default wd-title-style-default wd-title-size-large text-center\">\n\n\t\t\t\n\t\t\t<div class=\"liner-continer\">\n\t\t\t\t<h1 class=\"woodmart-title-container title wd-fontsize-xxl\">Blogue Strolee<\/h1> \n\t\t\t\t\t\t\t<\/div>\n\n\t\t\t\t\t\t\t<div class=\"title-after_title reset-last-child wd-fontsize-s\">\n\t\t\t\t\t<p>Not\u00edcias e dicas \u00fateis para o dia a dia<\/p>\t\t\t\t<\/div>\n\t\t\t\t\t<\/div>\n\t\t\t\t\t\t<\/div>\n\t\t\t\t<\/div>\n\t\t\t\t\t<\/div>\n\t\t\t\t<\/div>\n\t\t<div class=\"wd-negative-gap elementor-element elementor-element-59963ea animated-slow e-flex e-con-boxed elementor-invisible e-con e-parent\" data-id=\"59963ea\" data-element_type=\"container\" data-e-type=\"container\" data-settings=\"{&quot;animation&quot;:&quot;fadeIn&quot;}\">\n\t\t\t\t\t<div class=\"e-con-inner\">\n\t\t<div class=\"elementor-element elementor-element-c0f8f4d e-con-full e-flex e-con e-child\" data-id=\"c0f8f4d\" data-element_type=\"container\" data-e-type=\"container\">\n\t\t\t\t<div class=\"elementor-element elementor-element-77a13e0 elementor-grid-3 elementor-grid-tablet-2 elementor-grid-mobile-1 elementor-posts--thumbnail-top elementor-widget elementor-widget-posts\" data-id=\"77a13e0\" data-element_type=\"widget\" data-e-type=\"widget\" data-settings=\"{&quot;classic_columns&quot;:&quot;3&quot;,&quot;classic_columns_tablet&quot;:&quot;2&quot;,&quot;classic_columns_mobile&quot;:&quot;1&quot;,&quot;classic_row_gap&quot;:{&quot;unit&quot;:&quot;px&quot;,&quot;size&quot;:35,&quot;sizes&quot;:[]},&quot;classic_row_gap_tablet&quot;:{&quot;unit&quot;:&quot;px&quot;,&quot;size&quot;:&quot;&quot;,&quot;sizes&quot;:[]},&quot;classic_row_gap_mobile&quot;:{&quot;unit&quot;:&quot;px&quot;,&quot;size&quot;:&quot;&quot;,&quot;sizes&quot;:[]}}\" data-widget_type=\"posts.classic\">\n\t\t\t\t<div class=\"elementor-widget-container\">\n\t\t\t\t\t\t\t<div class=\"elementor-posts-container elementor-posts elementor-posts--skin-classic elementor-grid\" role=\"list\">\n\t\t\t\t<article class=\"elementor-post elementor-grid-item post-6586 post type-post status-publish format-standard has-post-thumbnail hentry category-blog-strolee tag-carrinho-estavel tag-strolee\" role=\"listitem\">\n\t\t\t\t<a class=\"elementor-post__thumbnail__link\" href=\"https:\/\/stroleecarts.eu\/pt-pt\/the-hidden-side-of-online-shopping-toxic-products-and-unverified-platforms\/\" tabindex=\"-1\" >\n\t\t\t<div class=\"elementor-post__thumbnail\"><img loading=\"lazy\" decoding=\"async\" width=\"1500\" height=\"928\" src=\"https:\/\/stroleecarts.eu\/wp-content\/uploads\/2026\/04\/bad-experience-shopping.webp\" class=\"attachment-full size-full wp-image-7261\" alt=\"Trust Strolee for your purchases\" srcset=\"https:\/\/stroleecarts.eu\/wp-content\/uploads\/2026\/04\/bad-experience-shopping.webp 1500w, https:\/\/stroleecarts.eu\/wp-content\/uploads\/2026\/04\/bad-experience-shopping-150x93.webp 150w, https:\/\/stroleecarts.eu\/wp-content\/uploads\/2026\/04\/bad-experience-shopping-1200x742.webp 1200w, https:\/\/stroleecarts.eu\/wp-content\/uploads\/2026\/04\/bad-experience-shopping-300x186.webp 300w, https:\/\/stroleecarts.eu\/wp-content\/uploads\/2026\/04\/bad-experience-shopping-1024x634.webp 1024w, https:\/\/stroleecarts.eu\/wp-content\/uploads\/2026\/04\/bad-experience-shopping-768x475.webp 768w\" sizes=\"auto, (max-width: 1500px) 100vw, 1500px\" \/><\/div>\n\t\t<\/a>\n\t\t\t\t<div class=\"elementor-post__text\">\n\t\t\t\t<h2 class=\"elementor-post__title\">\n\t\t\t<a href=\"https:\/\/stroleecarts.eu\/pt-pt\/the-hidden-side-of-online-shopping-toxic-products-and-unverified-platforms\/\" >\n\t\t\t\tO lado oculto das compras online: produtos t\u00f3xicos e plataformas n\u00e3o verificadas\t\t\t<\/a>\n\t\t<\/h2>\n\t\t\t\t<div class=\"elementor-post__meta-data\">\n\t\t\t\t\t<span class=\"elementor-post-date\">\n\t\t\tAbril 9, 2026\t\t<\/span>\n\t\t\t\t<\/div>\n\t\t\t\t<div class=\"elementor-post__excerpt\">\n\t\t\t<p>O lado oculto das compras online: produtos t\u00f3xicos e plataformas n\u00e3o verificadas &nbsp; Comprar online nunca foi t\u00e3o f\u00e1cil \u2014<\/p>\n\t\t<\/div>\n\t\t\t\t<\/div>\n\t\t\t\t<\/article>\n\t\t\t\t<article class=\"elementor-post elementor-grid-item post-4368 post type-post status-publish format-standard has-post-thumbnail hentry category-blog-strolee tag-carrinho-estavel tag-strolee\" role=\"listitem\">\n\t\t\t\t<a class=\"elementor-post__thumbnail__link\" href=\"https:\/\/stroleecarts.eu\/pt-pt\/a-ascensao-da-posse-de-animais-de-estimacao-na-europa\/\" tabindex=\"-1\" >\n\t\t\t<div class=\"elementor-post__thumbnail\"><img loading=\"lazy\" decoding=\"async\" width=\"1500\" height=\"928\" src=\"https:\/\/stroleecarts.eu\/wp-content\/uploads\/2025\/11\/per-carts.webp\" class=\"attachment-full size-full wp-image-7266\" alt=\"Strolee Blog - Pet Strolers\" srcset=\"https:\/\/stroleecarts.eu\/wp-content\/uploads\/2025\/11\/per-carts.webp 1500w, https:\/\/stroleecarts.eu\/wp-content\/uploads\/2025\/11\/per-carts-150x93.webp 150w, https:\/\/stroleecarts.eu\/wp-content\/uploads\/2025\/11\/per-carts-1200x742.webp 1200w, https:\/\/stroleecarts.eu\/wp-content\/uploads\/2025\/11\/per-carts-300x186.webp 300w, https:\/\/stroleecarts.eu\/wp-content\/uploads\/2025\/11\/per-carts-1024x634.webp 1024w, https:\/\/stroleecarts.eu\/wp-content\/uploads\/2025\/11\/per-carts-768x475.webp 768w\" sizes=\"auto, (max-width: 1500px) 100vw, 1500px\" \/><\/div>\n\t\t<\/a>\n\t\t\t\t<div class=\"elementor-post__text\">\n\t\t\t\t<h2 class=\"elementor-post__title\">\n\t\t\t<a href=\"https:\/\/stroleecarts.eu\/pt-pt\/a-ascensao-da-posse-de-animais-de-estimacao-na-europa\/\" >\n\t\t\t\tA Ascens\u00e3o da Posse de Animais de Estima\u00e7\u00e3o na Europa\t\t\t<\/a>\n\t\t<\/h2>\n\t\t\t\t<div class=\"elementor-post__meta-data\">\n\t\t\t\t\t<span class=\"elementor-post-date\">\n\t\t\tNovembro 26, 2025\t\t<\/span>\n\t\t\t\t<\/div>\n\t\t\t\t<div class=\"elementor-post__excerpt\">\n\t\t\t<p>A Ascens\u00e3o da Posse de Animais de Estima\u00e7\u00e3o na Europa e a Crescente Necessidade de Carts para Animais de Estima\u00e7\u00e3o<\/p>\n\t\t<\/div>\n\t\t\t\t<\/div>\n\t\t\t\t<\/article>\n\t\t\t\t<article class=\"elementor-post elementor-grid-item post-4377 post type-post status-publish format-standard has-post-thumbnail hentry category-blog-strolee tag-carrinho-estavel tag-strolee\" role=\"listitem\">\n\t\t\t\t<a class=\"elementor-post__thumbnail__link\" href=\"https:\/\/stroleecarts.eu\/pt-pt\/a-crescente-necessidade-de-apoio-a-mobilidade-na-europa\/\" tabindex=\"-1\" >\n\t\t\t<div class=\"elementor-post__thumbnail\"><img loading=\"lazy\" decoding=\"async\" width=\"1500\" height=\"928\" src=\"https:\/\/stroleecarts.eu\/wp-content\/uploads\/2025\/11\/mobility-europe.webp\" class=\"attachment-full size-full wp-image-7273\" alt=\"Strolee Blog - Mobility in Europe\" srcset=\"https:\/\/stroleecarts.eu\/wp-content\/uploads\/2025\/11\/mobility-europe.webp 1500w, https:\/\/stroleecarts.eu\/wp-content\/uploads\/2025\/11\/mobility-europe-150x93.webp 150w, https:\/\/stroleecarts.eu\/wp-content\/uploads\/2025\/11\/mobility-europe-1200x742.webp 1200w, https:\/\/stroleecarts.eu\/wp-content\/uploads\/2025\/11\/mobility-europe-300x186.webp 300w, https:\/\/stroleecarts.eu\/wp-content\/uploads\/2025\/11\/mobility-europe-1024x634.webp 1024w, https:\/\/stroleecarts.eu\/wp-content\/uploads\/2025\/11\/mobility-europe-768x475.webp 768w\" sizes=\"auto, (max-width: 1500px) 100vw, 1500px\" \/><\/div>\n\t\t<\/a>\n\t\t\t\t<div class=\"elementor-post__text\">\n\t\t\t\t<h2 class=\"elementor-post__title\">\n\t\t\t<a href=\"https:\/\/stroleecarts.eu\/pt-pt\/a-crescente-necessidade-de-apoio-a-mobilidade-na-europa\/\" >\n\t\t\t\tA crescente necessidade de apoio \u00e0 mobilidade na Europa\t\t\t<\/a>\n\t\t<\/h2>\n\t\t\t\t<div class=\"elementor-post__meta-data\">\n\t\t\t\t\t<span class=\"elementor-post-date\">\n\t\t\tNovembro 26, 2025\t\t<\/span>\n\t\t\t\t<\/div>\n\t\t\t\t<div class=\"elementor-post__excerpt\">\n\t\t\t<p>Com mais pessoas com mais de 65 anos do que nunca, os desafios de mobilidade est\u00e3o a tornar-se cada vez<\/p>\n\t\t<\/div>\n\t\t\t\t<\/div>\n\t\t\t\t<\/article>\n\t\t\t\t<article class=\"elementor-post elementor-grid-item post-4357 post type-post status-publish format-standard has-post-thumbnail hentry category-blog-strolee tag-carrinho-estavel tag-strolee\" role=\"listitem\">\n\t\t\t\t<a class=\"elementor-post__thumbnail__link\" href=\"https:\/\/stroleecarts.eu\/pt-pt\/como-aumentar-a-autonomia-e-a-confianca\/\" tabindex=\"-1\" >\n\t\t\t<div class=\"elementor-post__thumbnail\"><img loading=\"lazy\" decoding=\"async\" width=\"1500\" height=\"928\" src=\"https:\/\/stroleecarts.eu\/wp-content\/uploads\/2025\/11\/how-to-increase-mobility.webp\" class=\"attachment-full size-full wp-image-7283\" alt=\"Strolee Blog - How to increase mobility\" srcset=\"https:\/\/stroleecarts.eu\/wp-content\/uploads\/2025\/11\/how-to-increase-mobility.webp 1500w, https:\/\/stroleecarts.eu\/wp-content\/uploads\/2025\/11\/how-to-increase-mobility-150x93.webp 150w, https:\/\/stroleecarts.eu\/wp-content\/uploads\/2025\/11\/how-to-increase-mobility-1200x742.webp 1200w, https:\/\/stroleecarts.eu\/wp-content\/uploads\/2025\/11\/how-to-increase-mobility-300x186.webp 300w, https:\/\/stroleecarts.eu\/wp-content\/uploads\/2025\/11\/how-to-increase-mobility-1024x634.webp 1024w, https:\/\/stroleecarts.eu\/wp-content\/uploads\/2025\/11\/how-to-increase-mobility-768x475.webp 768w\" sizes=\"auto, (max-width: 1500px) 100vw, 1500px\" \/><\/div>\n\t\t<\/a>\n\t\t\t\t<div class=\"elementor-post__text\">\n\t\t\t\t<h2 class=\"elementor-post__title\">\n\t\t\t<a href=\"https:\/\/stroleecarts.eu\/pt-pt\/como-aumentar-a-autonomia-e-a-confianca\/\" >\n\t\t\t\tComo Aumentar a Autonomia e a Confian\u00e7a\t\t\t<\/a>\n\t\t<\/h2>\n\t\t\t\t<div class=\"elementor-post__meta-data\">\n\t\t\t\t\t<span class=\"elementor-post-date\">\n\t\t\tNovembro 26, 2025\t\t<\/span>\n\t\t\t\t<\/div>\n\t\t\t\t<div class=\"elementor-post__excerpt\">\n\t\t\t<p>Como o Strolee Stability Shopper Aumenta a Autonomia e a Confian\u00e7a na Mobilidade O Strolee Stability Cart aumenta a independ\u00eancia<\/p>\n\t\t<\/div>\n\t\t\t\t<\/div>\n\t\t\t\t<\/article>\n\t\t\t\t<article class=\"elementor-post elementor-grid-item post-4342 post type-post status-publish format-standard has-post-thumbnail hentry category-blog-strolee tag-carrinho-estavel tag-strolee\" role=\"listitem\">\n\t\t\t\t<a class=\"elementor-post__thumbnail__link\" href=\"https:\/\/stroleecarts.eu\/pt-pt\/engenharia-por-tras-do-strolee-stability-shopper\/\" tabindex=\"-1\" >\n\t\t\t<div class=\"elementor-post__thumbnail\"><img loading=\"lazy\" decoding=\"async\" width=\"1500\" height=\"928\" src=\"https:\/\/stroleecarts.eu\/wp-content\/uploads\/2025\/11\/The-engineering-behind-strolee.webp\" class=\"attachment-full size-full wp-image-7291\" alt=\"Strolee Blog - The Engineering of Strolee Cart\" srcset=\"https:\/\/stroleecarts.eu\/wp-content\/uploads\/2025\/11\/The-engineering-behind-strolee.webp 1500w, https:\/\/stroleecarts.eu\/wp-content\/uploads\/2025\/11\/The-engineering-behind-strolee-150x93.webp 150w, https:\/\/stroleecarts.eu\/wp-content\/uploads\/2025\/11\/The-engineering-behind-strolee-1200x742.webp 1200w, https:\/\/stroleecarts.eu\/wp-content\/uploads\/2025\/11\/The-engineering-behind-strolee-300x186.webp 300w, https:\/\/stroleecarts.eu\/wp-content\/uploads\/2025\/11\/The-engineering-behind-strolee-1024x634.webp 1024w, https:\/\/stroleecarts.eu\/wp-content\/uploads\/2025\/11\/The-engineering-behind-strolee-768x475.webp 768w\" sizes=\"auto, (max-width: 1500px) 100vw, 1500px\" \/><\/div>\n\t\t<\/a>\n\t\t\t\t<div class=\"elementor-post__text\">\n\t\t\t\t<h2 class=\"elementor-post__title\">\n\t\t\t<a href=\"https:\/\/stroleecarts.eu\/pt-pt\/engenharia-por-tras-do-strolee-stability-shopper\/\" >\n\t\t\t\tEngenharia por tr\u00e1s do Strolee Stability Shopper\t\t\t<\/a>\n\t\t<\/h2>\n\t\t\t\t<div class=\"elementor-post__meta-data\">\n\t\t\t\t\t<span class=\"elementor-post-date\">\n\t\t\tNovembro 26, 2025\t\t<\/span>\n\t\t\t\t<\/div>\n\t\t\t\t<div class=\"elementor-post__excerpt\">\n\t\t\t<p>A engenharia por tr\u00e1s do Strolee Stability Shopper Cada componente do Strolee Stability Shopper foi concebido tendo em mente a<\/p>\n\t\t<\/div>\n\t\t\t\t<\/div>\n\t\t\t\t<\/article>\n\t\t\t\t<article class=\"elementor-post elementor-grid-item post-4315 post type-post status-publish format-standard has-post-thumbnail hentry category-blog-strolee tag-carrinho-estavel tag-strolee\" role=\"listitem\">\n\t\t\t\t<a class=\"elementor-post__thumbnail__link\" href=\"https:\/\/stroleecarts.eu\/pt-pt\/como-escolher-o-carrinho-de-compras-ideal\/\" tabindex=\"-1\" >\n\t\t\t<div class=\"elementor-post__thumbnail\"><img loading=\"lazy\" decoding=\"async\" width=\"1200\" height=\"742\" src=\"https:\/\/stroleecarts.eu\/wp-content\/uploads\/2025\/11\/002-blog.webp\" class=\"attachment-full size-full wp-image-4817\" alt=\"Strolee Blog - What is Ideal Shopping Cart\" srcset=\"https:\/\/stroleecarts.eu\/wp-content\/uploads\/2025\/11\/002-blog.webp 1200w, https:\/\/stroleecarts.eu\/wp-content\/uploads\/2025\/11\/002-blog-150x93.webp 150w, https:\/\/stroleecarts.eu\/wp-content\/uploads\/2025\/11\/002-blog-300x186.webp 300w, https:\/\/stroleecarts.eu\/wp-content\/uploads\/2025\/11\/002-blog-1024x633.webp 1024w, https:\/\/stroleecarts.eu\/wp-content\/uploads\/2025\/11\/002-blog-768x475.webp 768w\" sizes=\"auto, (max-width: 1200px) 100vw, 1200px\" \/><\/div>\n\t\t<\/a>\n\t\t\t\t<div class=\"elementor-post__text\">\n\t\t\t\t<h2 class=\"elementor-post__title\">\n\t\t\t<a href=\"https:\/\/stroleecarts.eu\/pt-pt\/como-escolher-o-carrinho-de-compras-ideal\/\" >\n\t\t\t\tComo escolher o carrinho de compras ideal?\t\t\t<\/a>\n\t\t<\/h2>\n\t\t\t\t<div class=\"elementor-post__meta-data\">\n\t\t\t\t\t<span class=\"elementor-post-date\">\n\t\t\tNovembro 24, 2025\t\t<\/span>\n\t\t\t\t<\/div>\n\t\t\t\t<div class=\"elementor-post__excerpt\">\n\t\t\t<p>Como escolher o carrinho de compras ideal: o que considerar antes de comprar Ao escolher um carrinho de compras, \u00e9<\/p>\n\t\t<\/div>\n\t\t\t\t<\/div>\n\t\t\t\t<\/article>\n\t\t\t\t<article class=\"elementor-post elementor-grid-item post-4336 post type-post status-publish format-standard has-post-thumbnail hentry category-blog-strolee tag-carrinho-estavel tag-strolee\" role=\"listitem\">\n\t\t\t\t<a class=\"elementor-post__thumbnail__link\" href=\"https:\/\/stroleecarts.eu\/pt-pt\/porque-e-que-o-carrinho-de-compras-strolee-stability-e-diferente\/\" tabindex=\"-1\" >\n\t\t\t<div class=\"elementor-post__thumbnail\"><img loading=\"lazy\" decoding=\"async\" width=\"1200\" height=\"742\" src=\"https:\/\/stroleecarts.eu\/wp-content\/uploads\/2023\/04\/001-Stability-Shopper-Is-Different.webp\" class=\"attachment-full size-full wp-image-7305\" alt=\"Strolee Blog - Stability Shopper is Better\" srcset=\"https:\/\/stroleecarts.eu\/wp-content\/uploads\/2023\/04\/001-Stability-Shopper-Is-Different.webp 1200w, https:\/\/stroleecarts.eu\/wp-content\/uploads\/2023\/04\/001-Stability-Shopper-Is-Different-150x93.webp 150w, https:\/\/stroleecarts.eu\/wp-content\/uploads\/2023\/04\/001-Stability-Shopper-Is-Different-300x186.webp 300w, https:\/\/stroleecarts.eu\/wp-content\/uploads\/2023\/04\/001-Stability-Shopper-Is-Different-1024x633.webp 1024w, https:\/\/stroleecarts.eu\/wp-content\/uploads\/2023\/04\/001-Stability-Shopper-Is-Different-768x475.webp 768w\" sizes=\"auto, (max-width: 1200px) 100vw, 1200px\" \/><\/div>\n\t\t<\/a>\n\t\t\t\t<div class=\"elementor-post__text\">\n\t\t\t\t<h2 class=\"elementor-post__title\">\n\t\t\t<a href=\"https:\/\/stroleecarts.eu\/pt-pt\/porque-e-que-o-carrinho-de-compras-strolee-stability-e-diferente\/\" >\n\t\t\t\tPorque \u00e9 que o carrinho de compras Strolee Stability \u00e9 diferente?\t\t\t<\/a>\n\t\t<\/h2>\n\t\t\t\t<div class=\"elementor-post__meta-data\">\n\t\t\t\t\t<span class=\"elementor-post-date\">\n\t\t\tAbril 25, 2023\t\t<\/span>\n\t\t\t\t<\/div>\n\t\t\t\t<div class=\"elementor-post__excerpt\">\n\t\t\t<p>Porque \u00e9 que o carrinho de compras Strolee Stability \u00e9 diferente: Design, estabilidade, leveza \u2014 e praticidade di\u00e1ria O carrinho<\/p>\n\t\t<\/div>\n\t\t\t\t<\/div>\n\t\t\t\t<\/article>\n\t\t\t\t<\/div>\n\t\t\n\t\t\t\t\t\t<\/div>\n\t\t\t\t<\/div>\n\t\t\t\t<\/div>\n\t\t\t\t\t<\/div>\n\t\t\t\t<\/div>\n\t\t\t\t<\/div>\n\t\t","protected":false},"excerpt":{"rendered":"<p>Blogue Strolee Not\u00edcias e dicas \u00fateis para o dia a dia<\/p>\n","protected":false},"author":6,"featured_media":0,"parent":0,"menu_order":0,"comment_status":"closed","ping_status":"closed","template":"","meta":{"content-type":"","footnotes":""},"class_list":["post-7368","page","type-page","status-publish","hentry"],"yoast_head":"<!-- This site is optimized with the Yoast SEO plugin v27.5 - https:\/\/yoast.com\/product\/yoast-seo-wordpress\/ -->\n<title>Blogue Strolee \u2013 Mobilidade, dicas de compras e estilo de vida animal<\/title>\n<meta name=\"description\" content=\"Leia artigos de especialistas sobre mobilidade, cuidados com animais de estima\u00e7\u00e3o e dicas de compras \u2014 mantenha-se informado com o Blogue Strolee.\" \/>\n<meta name=\"robots\" content=\"index, follow, max-snippet:-1, max-image-preview:large, max-video-preview:-1\" \/>\n<link rel=\"canonical\" href=\"https:\/\/stroleecarts.eu\/pt-pt\/blogue-strolee\/\" \/>\n<meta property=\"og:locale\" content=\"pt_PT\" \/>\n<meta property=\"og:type\" content=\"article\" \/>\n<meta property=\"og:title\" content=\"Blogue Strolee \u2013 Mobilidade, dicas de compras e estilo de vida animal\" \/>\n<meta property=\"og:description\" content=\"Leia artigos de especialistas sobre mobilidade, cuidados com animais de estima\u00e7\u00e3o e dicas de compras \u2014 mantenha-se informado com o Blogue Strolee.\" \/>\n<meta property=\"og:url\" content=\"https:\/\/stroleecarts.eu\/pt-pt\/blogue-strolee\/\" \/>\n<meta property=\"og:site_name\" content=\"Strolee Carts Europe\" \/>\n<meta property=\"article:modified_time\" content=\"2026-05-05T20:49:53+00:00\" \/>\n<meta name=\"twitter:card\" content=\"summary_large_image\" \/>\n<script type=\"application\/ld+json\" class=\"yoast-schema-graph\">{\"@context\":\"https:\\\/\\\/schema.org\",\"@graph\":[{\"@type\":\"WebPage\",\"@id\":\"https:\\\/\\\/stroleecarts.eu\\\/pt-pt\\\/blogue-strolee\\\/\",\"url\":\"https:\\\/\\\/stroleecarts.eu\\\/pt-pt\\\/blogue-strolee\\\/\",\"name\":\"Blogue Strolee \u2013 Mobilidade, dicas de compras e estilo de vida animal\",\"isPartOf\":{\"@id\":\"https:\\\/\\\/stroleecarts.eu\\\/pt-pt\\\/#website\"},\"datePublished\":\"2026-05-02T14:10:26+00:00\",\"dateModified\":\"2026-05-05T20:49:53+00:00\",\"description\":\"Leia artigos de especialistas sobre mobilidade, cuidados com animais de estima\u00e7\u00e3o e dicas de compras \u2014 mantenha-se informado com o Blogue Strolee.\",\"breadcrumb\":{\"@id\":\"https:\\\/\\\/stroleecarts.eu\\\/pt-pt\\\/blogue-strolee\\\/#breadcrumb\"},\"inLanguage\":\"pt-PT\",\"potentialAction\":[{\"@type\":\"ReadAction\",\"target\":[\"https:\\\/\\\/stroleecarts.eu\\\/pt-pt\\\/blogue-strolee\\\/\"]}]},{\"@type\":\"BreadcrumbList\",\"@id\":\"https:\\\/\\\/stroleecarts.eu\\\/pt-pt\\\/blogue-strolee\\\/#breadcrumb\",\"itemListElement\":[{\"@type\":\"ListItem\",\"position\":1,\"name\":\"Home\",\"item\":\"https:\\\/\\\/stroleecarts.eu\\\/pt-pt\\\/loja-3\\\/\"},{\"@type\":\"ListItem\",\"position\":2,\"name\":\"Blogue Strolee\"}]},{\"@type\":\"WebSite\",\"@id\":\"https:\\\/\\\/stroleecarts.eu\\\/pt-pt\\\/#website\",\"url\":\"https:\\\/\\\/stroleecarts.eu\\\/pt-pt\\\/\",\"name\":\"Strolee Carts Europe\",\"description\":\"Innovate Mobility\",\"potentialAction\":[{\"@type\":\"SearchAction\",\"target\":{\"@type\":\"EntryPoint\",\"urlTemplate\":\"https:\\\/\\\/stroleecarts.eu\\\/pt-pt\\\/?s={search_term_string}\"},\"query-input\":{\"@type\":\"PropertyValueSpecification\",\"valueRequired\":true,\"valueName\":\"search_term_string\"}}],\"inLanguage\":\"pt-PT\"}]}<\/script>\n<!-- \/ Yoast SEO plugin. -->","yoast_head_json":{"title":"Blogue Strolee \u2013 Mobilidade, dicas de compras e estilo de vida animal","description":"Leia artigos de especialistas sobre mobilidade, cuidados com animais de estima\u00e7\u00e3o e dicas de compras \u2014 mantenha-se informado com o Blogue Strolee.","robots":{"index":"index","follow":"follow","max-snippet":"max-snippet:-1","max-image-preview":"max-image-preview:large","max-video-preview":"max-video-preview:-1"},"canonical":"https:\/\/stroleecarts.eu\/pt-pt\/blogue-strolee\/","og_locale":"pt_PT","og_type":"article","og_title":"Blogue Strolee \u2013 Mobilidade, dicas de compras e estilo de vida animal","og_description":"Leia artigos de especialistas sobre mobilidade, cuidados com animais de estima\u00e7\u00e3o e dicas de compras \u2014 mantenha-se informado com o Blogue Strolee.","og_url":"https:\/\/stroleecarts.eu\/pt-pt\/blogue-strolee\/","og_site_name":"Strolee Carts Europe","article_modified_time":"2026-05-05T20:49:53+00:00","twitter_card":"summary_large_image","schema":{"@context":"https:\/\/schema.org","@graph":[{"@type":"WebPage","@id":"https:\/\/stroleecarts.eu\/pt-pt\/blogue-strolee\/","url":"https:\/\/stroleecarts.eu\/pt-pt\/blogue-strolee\/","name":"Blogue Strolee \u2013 Mobilidade, dicas de compras e estilo de vida animal","isPartOf":{"@id":"https:\/\/stroleecarts.eu\/pt-pt\/#website"},"datePublished":"2026-05-02T14:10:26+00:00","dateModified":"2026-05-05T20:49:53+00:00","description":"Leia artigos de especialistas sobre mobilidade, cuidados com animais de estima\u00e7\u00e3o e dicas de compras \u2014 mantenha-se informado com o Blogue Strolee.","breadcrumb":{"@id":"https:\/\/stroleecarts.eu\/pt-pt\/blogue-strolee\/#breadcrumb"},"inLanguage":"pt-PT","potentialAction":[{"@type":"ReadAction","target":["https:\/\/stroleecarts.eu\/pt-pt\/blogue-strolee\/"]}]},{"@type":"BreadcrumbList","@id":"https:\/\/stroleecarts.eu\/pt-pt\/blogue-strolee\/#breadcrumb","itemListElement":[{"@type":"ListItem","position":1,"name":"Home","item":"https:\/\/stroleecarts.eu\/pt-pt\/loja-3\/"},{"@type":"ListItem","position":2,"name":"Blogue Strolee"}]},{"@type":"WebSite","@id":"https:\/\/stroleecarts.eu\/pt-pt\/#website","url":"https:\/\/stroleecarts.eu\/pt-pt\/","name":"Strolee Carts Europe","description":"Innovate Mobility","potentialAction":[{"@type":"SearchAction","target":{"@type":"EntryPoint","urlTemplate":"https:\/\/stroleecarts.eu\/pt-pt\/?s={search_term_string}"},"query-input":{"@type":"PropertyValueSpecification","valueRequired":true,"valueName":"search_term_string"}}],"inLanguage":"pt-PT"}]}},"_links":{"self":[{"href":"https:\/\/stroleecarts.eu\/pt-pt\/wp-json\/wp\/v2\/pages\/7368","targetHints":{"allow":["GET"]}}],"collection":[{"href":"https:\/\/stroleecarts.eu\/pt-pt\/wp-json\/wp\/v2\/pages"}],"about":[{"href":"https:\/\/stroleecarts.eu\/pt-pt\/wp-json\/wp\/v2\/types\/page"}],"author":[{"embeddable":true,"href":"https:\/\/stroleecarts.eu\/pt-pt\/wp-json\/wp\/v2\/users\/6"}],"replies":[{"embeddable":true,"href":"https:\/\/stroleecarts.eu\/pt-pt\/wp-json\/wp\/v2\/comments?post=7368"}],"version-history":[{"count":1,"href":"https:\/\/stroleecarts.eu\/pt-pt\/wp-json\/wp\/v2\/pages\/7368\/revisions"}],"predecessor-version":[{"id":7369,"href":"https:\/\/stroleecarts.eu\/pt-pt\/wp-json\/wp\/v2\/pages\/7368\/revisions\/7369"}],"wp:attachment":[{"href":"https:\/\/stroleecarts.eu\/pt-pt\/wp-json\/wp\/v2\/media?parent=7368"}],"curies":[{"name":"wp","href":"https:\/\/api.w.org\/{rel}","templated":true}]}}